{"id":41034,"date":"2021-12-08T09:25:00","date_gmt":"2021-12-08T08:25:00","guid":{"rendered":"https:\/\/soolong.com\/product\/soolong-matcha-schneebesen\/"},"modified":"2025-04-14T21:09:54","modified_gmt":"2025-04-14T19:09:54","slug":"soolong-matcha-beater-bamboo","status":"publish","type":"product","link":"https:\/\/soolong.com\/de\/product\/soolong-matcha-beater-bamboo\/","title":{"rendered":"Soolong Matcha Schneebesen"},"content":{"rendered":"<p>B<strong>eschreibung:<\/strong> Bereiten Sie mit diesem Matcha-Besen einen perfekten Matcha-Tee zu. Schlagen Sie das Matcha-Pulver in das hei\u00dfe Wasser Ihrer Sch\u00fcssel, bis sich ein feiner Schaum auf Ihrem Matcha bildet, Matcha-Besen auch bekannt als Chasen, Material: Bambus L\u00e4nge: 105 mm Sp\u00fclmaschinenfest: nein<\/p>\n","protected":false},"excerpt":{"rendered":"<p>Matcha-Besen<\/p>\n","protected":false},"featured_media":9582,"comment_status":"closed","ping_status":"closed","template":"","meta":{"_acf_changed":false},"product_cat":[298,301,305,269],"product_tag":[],"giftcard-category":[],"class_list":{"0":"post-41034","1":"product","2":"type-product","3":"status-publish","4":"has-post-thumbnail","6":"product_cat-zubehor","7":"product_cat-t2make-teezubereitung","8":"product_cat-matcha-werkzeuge","9":"product_cat-japan-de","11":"first","12":"instock","13":"taxable","14":"shipping-taxable","15":"purchasable","16":"product-type-simple"},"acf":{"lijn_nummer":"","weight":"","wissel":false,"new_description":"<p>Bereiten Sie mit diesem Matcha-Besen einen perfekten Matcha-Tee zu. Schlagen Sie das Matcha-Pulver in das hei\u00dfe Wasser Ihrer Sch\u00fcssel, bis sich eine feine Schaumschicht auf Ihrem Matcha bildet, Matcha-Besen auch bekannt als Chasen, Material: Bambus L\u00e4nge: 105 mm Sp\u00fclmaschinenfest: nein<\/p>\n","productkenmerk1":"Matcha-Werkzeuge! Soolong Matcha-Besen, auch bekannt als Chasen,","productkenmerk2":"Hergestellt aus Bambus,","productkenmerk3":"L\u00e4nge: 105 mm","productkenmerk4":"Mit dem Matcha-Besen das Matcha-Pulver in das hei\u00dfe Wasser in der Sch\u00fcssel einr\u00fchren, bis sich eine feine Schaumschicht auf dem Matcha bildet,","marktplaatstitel1":"Soolong - Matcha - Werkzeuge - Schneebesen - Bambus"},"_links":{"self":[{"href":"https:\/\/soolong.com\/de\/wp-json\/wp\/v2\/product\/41034","targetHints":{"allow":["GET"]}}],"collection":[{"href":"https:\/\/soolong.com\/de\/wp-json\/wp\/v2\/product"}],"about":[{"href":"https:\/\/soolong.com\/de\/wp-json\/wp\/v2\/types\/product"}],"replies":[{"embeddable":true,"href":"https:\/\/soolong.com\/de\/wp-json\/wp\/v2\/comments?post=41034"}],"wp:featuredmedia":[{"embeddable":true,"href":"https:\/\/soolong.com\/de\/wp-json\/wp\/v2\/media\/9582"}],"wp:attachment":[{"href":"https:\/\/soolong.com\/de\/wp-json\/wp\/v2\/media?parent=41034"}],"wp:term":[{"taxonomy":"product_cat","embeddable":true,"href":"https:\/\/soolong.com\/de\/wp-json\/wp\/v2\/product_cat?post=41034"},{"taxonomy":"product_tag","embeddable":true,"href":"https:\/\/soolong.com\/de\/wp-json\/wp\/v2\/product_tag?post=41034"},{"taxonomy":"giftcard-category","embeddable":true,"href":"https:\/\/soolong.com\/de\/wp-json\/wp\/v2\/giftcard-category?post=41034"}],"curies":[{"name":"wp","href":"https:\/\/api.w.org\/{rel}","templated":true}]}}