{"id":40979,"date":"2021-12-08T09:23:00","date_gmt":"2021-12-08T08:23:00","guid":{"rendered":"https:\/\/soolong.com\/product\/suedafrika-42-siehe-gute-hoffnung\/"},"modified":"2025-06-24T15:32:44","modified_gmt":"2025-06-24T13:32:44","slug":"tee-rooibos-afrika-42-see","status":"publish","type":"product","link":"https:\/\/soolong.com\/de\/product\/tee-rooibos-afrika-42-see\/","title":{"rendered":"S\u00fcdafrika 42 Siehe Gute Hoffnung"},"content":{"rendered":"<p><strong>Beschreibung:<\/strong><\/p>\n<p>Gr\u00fcner Rooibos wird sofort nach dem Schneiden getrocknet, so dass kein Fermentationsprozess stattfinden kann. Dadurch bleibt die Farbe des Rooibos gr\u00fcn und er ist auch weniger s\u00fc\u00df als roter Rooibos. Die Kombination mit s\u00fc\u00dfen Brombeerbl\u00e4ttern und nat\u00fcrlicher Vanille verleiht dieser Kr\u00e4utermischung einen \u00fcberraschend samtigen Geschmack,<br \/>\n<strong>Zutaten:<\/strong><\/p>\n<p>Gr\u00fcne Rooibos-Kr\u00e4utermischung*:<br \/>\nGr\u00fcner Rooibos 93%, s\u00fc\u00dfe Brombeerbl\u00e4tter, nat\u00fcrliches Vanillearoma<\/p>\n<p>* Enth\u00e4lt kein Koffein<\/p>\n<p><strong>Herkunft:<\/strong><\/p>\n<p>Gr\u00fcner Rooibos Herkunft: S\u00fcdafrika<br \/>\nRegion: Cederberg, Westkap<\/p>\n<p>Rooibos w\u00e4chst urspr\u00fcnglich nur in S\u00fcdafrika rund um das Westkap, doch viele Menschen denken bei S\u00fcdafrika an das Kap der Guten Hoffnung oder den s\u00fcdlichsten Teil Afrikas. Traditionell wird das Kap der Guten Hoffnung als \u00dcbergang zwischen dem Atlantik und dem Indischen Ozean gesehen, und was f\u00fcr ein Erlebnis das ist, der tobende Wind in den Haaren und hypnotisiert beim Anblick einer wahnsinnig gro\u00dfen Weite der Wellen bis zum Horizont, es f\u00fchlt sich an wie &#8220;das Ende der Welt&#8221; und ist gleichzeitig der Beginn einer fantastischen neuen Erfahrung,<\/p>\n<p>Unsere &#8220;See&#8221;-Linie steht ganz im Zeichen des Sehens und Entdeckens: &#8220;Weil es in der Welt noch so viel mehr zu sehen und zu entdecken gibt.&#8221; Rooibos in rot ist vielen bekannt, aber lassen Sie sich von dem erstaunlichen Geschmackserlebnis des gr\u00fcnen Rooibos \u00fcberraschen. Im Gegensatz zum &#8220;roten&#8221; Rooibos, den viele kennen, hat der gr\u00fcne Rooibos keinen Fermentationsprozess durchlaufen, so dass die Farbe gr\u00fcn bleibt und er etwas weniger s\u00fc\u00df ist als der &#8220;rote&#8221; Rooibos,<\/p>\n<p><strong>Geschmack:<\/strong><\/p>\n<p><strong>Aussehen &amp; Gef\u00fchl:<\/strong> Mischung aus hellgelben, gr\u00fcnen, nadelartigen Bl\u00e4ttern<br \/>\n<strong>Aroma:<\/strong> s\u00fc\u00dfe Vanille<br \/>\n<strong>Aufguss:<\/strong> heller Bernstein<br \/>\n<strong>Geschmack:<\/strong> mild s\u00fc\u00df, samtig weich mit Noten von Honig und Vanille<\/p>\n<p>F\u00fcr alle, die den samtig-s\u00fc\u00dfen Geschmack von Honig und Vanille lieben,<\/p>\n<p><strong>Montagehinweise:<\/strong><\/p>\n<p>Wasser: 100?C<br \/>\nTee: 2g \/ 1 Teel\u00f6ffel pro Tasse (150 ml)<br \/>\nAufguss: 5 Minuten<\/p>\n<p>Wenn Sie eine k\u00fcrzere Ziehzeit w\u00fcnschen, erh\u00f6hen Sie die Menge an Gramm pro Tasse,<\/p>\n<p><strong>Lagerungshinweise:<\/strong> k\u00fchl, trocken, leicht und luftdicht aufbewahren<\/p>\n","protected":false},"excerpt":{"rendered":"<p>Gr\u00fcne Rooibos-Kr\u00e4utermischung<\/p>\n","protected":false},"featured_media":17908,"comment_status":"closed","ping_status":"closed","template":"","meta":{"_acf_changed":false},"product_cat":[606,592,459,286,211,287],"product_tag":[],"giftcard-category":[],"class_list":{"0":"post-40979","1":"product","2":"type-product","3":"status-publish","4":"has-post-thumbnail","6":"product_cat-schwarzer-freitag","7":"product_cat-tee-groshandel","8":"product_cat-tee","9":"product_cat-rooibos-de","10":"product_cat-siehe","11":"product_cat-sudafrika","13":"first","14":"instock","15":"taxable","16":"shipping-taxable","17":"purchasable","18":"product-type-variable","19":"has-default-attributes"},"acf":{"lijn_nummer":"42","weight":"","wissel":true,"ingredients":"<p>Gr\u00fcne Rooibos-Kr\u00e4utermischung*:<br \/>\nGr\u00fcner Rooibos 93%, s\u00fc\u00dfe Brombeerbl\u00e4tter, nat\u00fcrliches Vanillearoma<\/p>\n<p>* Enth\u00e4lt kein Koffein<\/p>\n","origin":"<p>Gr\u00fcner Rooibos Herkunft: S\u00fcdafrika<br \/>\nRegion: Cederberg, Westkap<\/p>\n<p>Rooibos w\u00e4chst urspr\u00fcnglich nur in S\u00fcdafrika rund um das Westkap, doch viele Menschen denken bei S\u00fcdafrika an das Kap der Guten Hoffnung oder den s\u00fcdlichsten Teil Afrikas. Traditionell wird das Kap der Guten Hoffnung als \u00dcbergang zwischen dem Atlantik und dem Indischen Ozean gesehen, und was f\u00fcr ein Erlebnis das ist, der tobende Wind in den Haaren und hypnotisiert beim Anblick einer wahnsinnig gro\u00dfen Weite der Wellen bis zum Horizont, es f\u00fchlt sich an wie &#8220;das Ende der Welt&#8221; und ist gleichzeitig der Beginn einer fantastischen neuen Erfahrung,<\/p>\n<p>Unsere &#8220;See&#8221;-Linie steht ganz im Zeichen des Sehens und Entdeckens: &#8220;Weil es in der Welt noch so viel mehr zu sehen und zu entdecken gibt.&#8221; Rooibos in rot ist vielen bekannt, aber lassen Sie sich von dem erstaunlichen Geschmackserlebnis des gr\u00fcnen Rooibos \u00fcberraschen. Im Gegensatz zum &#8220;roten&#8221; Rooibos, den viele kennen, hat der gr\u00fcne Rooibos keinen Fermentationsprozess durchlaufen, so dass die Farbe gr\u00fcn bleibt und er etwas weniger s\u00fc\u00df ist als der &#8220;rote&#8221; Rooibos,<\/p>\n","tasting_notes":"<p><strong>Aussehen &#038; Haptik:<\/strong> Mischung aus hellgelben, gr\u00fcnen, nadelartigen Bl\u00e4ttern<br \/>\n<strong>Aroma:<\/strong> s\u00fc\u00dfe Vanille<br \/>\n<strong>Aufguss:<\/strong> heller Bernstein<br \/>\n<strong>Geschmack:<\/strong> mild s\u00fc\u00df, samtig weich mit Noten von Honig und Vanille<\/p>\n<p>F\u00fcr Menschen, die samtig weiche, s\u00fc\u00dfe Aromen von Honig und Vanille m\u00f6gen,<\/p>\n","zetadvies":"<p><strong>Ziehhinweise:<\/strong><\/p>\n<p>Wasser: 100-C<br \/>\nTee: 2g \/ 1 Teel\u00f6ffel pro Tasse (150 ml)<br \/>\nZiehzeit: 5 Minuten<\/p>\n<p>Wenn Sie eine k\u00fcrzere Ziehzeit w\u00fcnschen, erh\u00f6hen Sie die Grammzahl pro Tasse,<\/p>\n<p><strong>Aufbewahrungshinweise:<\/strong> k\u00fchl, trocken, hell und luftdicht lagern<\/p>\n","new_description":"<p>Gr\u00fcner Rooibos wird sofort nach dem Schneiden getrocknet, so dass kein Fermentationsprozess stattfinden kann. Dadurch bleibt die Farbe des Rooibos gr\u00fcn und er ist auch weniger s\u00fc\u00df als roter Rooibos. Die Kombination mit s\u00fc\u00dfen Brombeerbl\u00e4ttern und nat\u00fcrlicher Vanille verleiht dieser Kr\u00e4utermischung einen \u00fcberraschend samtigen Geschmack,<\/p>\n","productkenmerk1":"Soolong See Good Hope Nr. 42, Gr\u00fcner Rooibos mit nat\u00fcrlicher Vanille, Loser Tee in nachhaltiger Designdose oder Nachf\u00fcllpackung,","productkenmerk2":"F\u00fcr Menschen, die koffeinfrei und einen nat\u00fcrlichen, leicht s\u00fc\u00dfen Geschmack m\u00f6gen,","productkenmerk3":"Ziehen Sie 2 Gramm Tee (1 TL) 5 Minuten lang in 150 ml frisch gekochtem Wasser auf, um eine perfekte Tasse Tee zu erhalten,","productkenmerk4":"Hochwertiger Tee, bis zu 3-5 Aufsch\u00e4umungen, bei Bedarf nach mehreren Aufsch\u00e4umungen die Ziehzeit verl\u00e4ngern,","productkenmerk5":"Ein Genuss f\u00fcr sich selbst und ein perfektes Geschenk f\u00fcr Teeliebhaber,","productkenmerk6":"Langlebige Dose mit einzigartigem Design, ein fr\u00f6hlicher Anblick auf dem Tisch und in jeder K\u00fcche,"},"_links":{"self":[{"href":"https:\/\/soolong.com\/de\/wp-json\/wp\/v2\/product\/40979","targetHints":{"allow":["GET"]}}],"collection":[{"href":"https:\/\/soolong.com\/de\/wp-json\/wp\/v2\/product"}],"about":[{"href":"https:\/\/soolong.com\/de\/wp-json\/wp\/v2\/types\/product"}],"replies":[{"embeddable":true,"href":"https:\/\/soolong.com\/de\/wp-json\/wp\/v2\/comments?post=40979"}],"wp:featuredmedia":[{"embeddable":true,"href":"https:\/\/soolong.com\/de\/wp-json\/wp\/v2\/media\/17908"}],"wp:attachment":[{"href":"https:\/\/soolong.com\/de\/wp-json\/wp\/v2\/media?parent=40979"}],"wp:term":[{"taxonomy":"product_cat","embeddable":true,"href":"https:\/\/soolong.com\/de\/wp-json\/wp\/v2\/product_cat?post=40979"},{"taxonomy":"product_tag","embeddable":true,"href":"https:\/\/soolong.com\/de\/wp-json\/wp\/v2\/product_tag?post=40979"},{"taxonomy":"giftcard-category","embeddable":true,"href":"https:\/\/soolong.com\/de\/wp-json\/wp\/v2\/giftcard-category?post=40979"}],"curies":[{"name":"wp","href":"https:\/\/api.w.org\/{rel}","templated":true}]}}