{"id":40814,"date":"2021-12-08T09:23:00","date_gmt":"2021-12-08T08:23:00","guid":{"rendered":"https:\/\/soolong.com\/product\/japan-34-namaste-geniessen\/"},"modified":"2025-06-24T15:33:00","modified_gmt":"2025-06-24T13:33:00","slug":"tee-grun-sencha-japan-34-genuss","status":"publish","type":"product","link":"https:\/\/soolong.com\/de\/product\/tee-grun-sencha-japan-34-genuss\/","title":{"rendered":"Japan 34 Namaste genie\u00dfen"},"content":{"rendered":"<p><strong>Zutaten:<\/strong><\/p>\n<p>Gr\u00fcner Tee mit Kr\u00e4utern*:<br \/>\nSencha Gr\u00fcner Tee 50%, Apfelst\u00fccke, Zitronengras, Lindenbl\u00fcten, Lindenbl\u00e4tter, s\u00fc\u00dfe Brombeerbl\u00e4tter, Ringelblumenbl\u00e4tter, Kr\u00e4uter\u00f6l, nat\u00fcrliches Zitrusaroma<\/p>\n<p>* Enth\u00e4lt Koffein<\/p>\n<p><strong>Herkunft:<\/strong><\/p>\n<p>Herkunft Sencha Gr\u00fcner Tee: Japan<\/p>\n<p>Japan ist bekannt f\u00fcr die Qualit\u00e4t seiner reinen Gr\u00fcntees. Diese exklusive gr\u00fcne Sencha-Mischung aus Japan hat daher einen k\u00f6stlichen pflanzlichen Geschmack und harmoniert perfekt mit den anderen Zutaten in dieser Mischung,<\/p>\n<p><strong>Geschmack:<\/strong><\/p>\n<p><strong>Look &amp; Feel:<\/strong> Mischung aus frischen Farben und nadelartigen gr\u00fcnen Bl\u00e4ttern<br \/>\n<strong>Aroma:<\/strong> frisch, Gras<br \/>\n<strong>Aufguss:<\/strong> gelb<br \/>\n<strong>Geschmack: <\/strong>frisch, pflanzlich, leichte Noten von Umami,<\/p>\n<p>F\u00fcr Menschen, die gr\u00fcnen Tee mit einem erfrischenden Geschmack m\u00f6gen,<\/p>\n<p><strong>Montagehinweise:<\/strong><\/p>\n<p>Wasser: 80?C<br \/>\nTee: 2g \/ 1 Teel\u00f6ffel pro Tasse (150 ml)<br \/>\nAufguss: 2-5 Minuten<\/p>\n<p>Wenn Sie den milden Geschmack des gr\u00fcnen Tees betonen m\u00f6chten, stellen Sie die Temperatur auf etwa 70 \u00b0C ein. Wenn Sie die Kr\u00e4uter im gr\u00fcnen Tee st\u00e4rker betonen m\u00f6chten, stellen Sie den Tee auf etwa 80 \u00b0C ein und verl\u00e4ngern Sie die Ziehzeit,<\/p>\n<p><strong>Lagerungshinweis: <\/strong>k\u00fchl, trocken, leicht und luftdicht aufbewahren<\/p>\n","protected":false},"excerpt":{"rendered":"<p>Sencha Gr\u00fcner Tee mit Kr\u00e4utern<\/p>\n","protected":false},"featured_media":48141,"comment_status":"closed","ping_status":"closed","template":"","meta":{"_acf_changed":false},"product_cat":[606,592,459,254,245,269],"product_tag":[],"giftcard-category":[],"class_list":{"0":"post-40814","1":"product","2":"type-product","3":"status-publish","4":"has-post-thumbnail","6":"product_cat-schwarzer-freitag","7":"product_cat-tee-groshandel","8":"product_cat-tee","9":"product_cat-gruner-tee","10":"product_cat-geniese","11":"product_cat-japan-de","13":"first","14":"instock","15":"taxable","16":"shipping-taxable","17":"purchasable","18":"product-type-variable","19":"has-default-attributes"},"acf":{"lijn_nummer":"34","weight":"","wissel":true,"ingredients":"<p>Gr\u00fcner Tee mit Kr\u00e4utern*:<br \/>\nSencha Gr\u00fcner Tee 50%, Apfelst\u00fccke, Zitronengras, Lindenbl\u00fcten, Lindenbl\u00e4tter, s\u00fc\u00dfe Brombeerbl\u00e4tter, Ringelblumenbl\u00e4tter, Kr\u00e4uter\u00f6l, nat\u00fcrliches Zitrusaroma<\/p>\n<p>* Enth\u00e4lt Koffein<\/p>\n","origin":"<p>Herkunft Sencha Gr\u00fcntee: Japan<\/p>\n<p>Japan ist bekannt f\u00fcr die Qualit\u00e4t seiner reinen Gr\u00fcntees. Diese exklusive gr\u00fcne Sencha-Mischung aus Japan hat daher einen k\u00f6stlichen pflanzlichen Geschmack und harmoniert perfekt mit den anderen Zutaten in dieser Mischung,<\/p>\n","tasting_notes":"<p><strong>Aussehen &#038; Haptik:<\/strong> Mischung aus frischen Farben nadelartiger gr\u00fcner Bl\u00e4tter<br \/>\n<strong>Aroma:<\/strong> frisch, Gras<br \/>\n<strong>Aufguss:<\/strong> gelb<br \/>\n<strong>Geschmack: <\/strong>frisch, pflanzlich, leichte Noten von Umami,<\/p>\n<p>F\u00fcr Menschen, die gr\u00fcnen Tee mit einem erfrischenden Geschmack m\u00f6gen,<\/p>\n","zetadvies":"<p><strong>Zubereitungshinweise:<\/strong><\/p>\n<p>Wasser: 80-C<br \/>\nTee: 2g \/ 1 Teel\u00f6ffel pro Tasse (150 ml)<br \/>\nZiehen lassen: 2-5 Minuten<\/p>\n<p>Wenn Sie den milden Geschmack des gr\u00fcnen Tees betonen m\u00f6chten, stellen Sie die Temperatur auf ca. 70-C ein. Wenn Sie die Kr\u00e4uter im gr\u00fcnen Tee st\u00e4rker betonen m\u00f6chten, stellen Sie den Tee auf ca. 80-C ein und verl\u00e4ngern Sie die Ziehzeit.<\/p>\n<p><strong>Aufbewahrungshinweise: <\/strong>k\u00fchl, trocken, hell und luftdicht lagern<\/p>\n","productkenmerk1":"Soolong Enjoy Namast\u00e9 No, 34, Sencha, Japanischer Gr\u00fcntee, frisch und harmonisch, Loser Tee in haltbarer Designerdose oder Nachf\u00fcllpackung,","productkenmerk2":"Frisch und harmonisch, eine perfekt ausgewogene Teemischung, ein Genuss f\u00fcr sich selbst oder ein exklusives Geschenk f\u00fcr Teeliebhaber,","productkenmerk3":"Herrlich f\u00fcr nach dem Yoga,","productkenmerk4":"Ziehen Sie 2 g Tee (1 TL) in 150 ml Wasser bei 80 \u00b0C 2-5 Minuten lang auf, um eine perfekte Tasse Tee zu erhalten,","productkenmerk5":"Hochwertiger Tee, bis zu 3-5 Aufsch\u00e4umungen, bei Bedarf nach mehreren Aufsch\u00e4umungen die Ziehzeit verl\u00e4ngern,","productkenmerk6":"Langlebige Dose mit einzigartigem Design, ein fr\u00f6hlicher Anblick auf dem Tisch und in jeder K\u00fcche,","productkenmerk7":"Ein Genuss f\u00fcr sich selbst und ein perfektes Geschenk f\u00fcr Teeliebhaber,"},"_links":{"self":[{"href":"https:\/\/soolong.com\/de\/wp-json\/wp\/v2\/product\/40814","targetHints":{"allow":["GET"]}}],"collection":[{"href":"https:\/\/soolong.com\/de\/wp-json\/wp\/v2\/product"}],"about":[{"href":"https:\/\/soolong.com\/de\/wp-json\/wp\/v2\/types\/product"}],"replies":[{"embeddable":true,"href":"https:\/\/soolong.com\/de\/wp-json\/wp\/v2\/comments?post=40814"}],"wp:featuredmedia":[{"embeddable":true,"href":"https:\/\/soolong.com\/de\/wp-json\/wp\/v2\/media\/48141"}],"wp:attachment":[{"href":"https:\/\/soolong.com\/de\/wp-json\/wp\/v2\/media?parent=40814"}],"wp:term":[{"taxonomy":"product_cat","embeddable":true,"href":"https:\/\/soolong.com\/de\/wp-json\/wp\/v2\/product_cat?post=40814"},{"taxonomy":"product_tag","embeddable":true,"href":"https:\/\/soolong.com\/de\/wp-json\/wp\/v2\/product_tag?post=40814"},{"taxonomy":"giftcard-category","embeddable":true,"href":"https:\/\/soolong.com\/de\/wp-json\/wp\/v2\/giftcard-category?post=40814"}],"curies":[{"name":"wp","href":"https:\/\/api.w.org\/{rel}","templated":true}]}}