{"id":40772,"date":"2021-12-08T09:23:00","date_gmt":"2021-12-08T08:23:00","guid":{"rendered":"https:\/\/soolong.com\/product\/china-13-geschmack-seidig\/"},"modified":"2025-06-24T15:34:17","modified_gmt":"2025-06-24T13:34:17","slug":"thee-oolong-china-13-geschmack","status":"publish","type":"product","link":"https:\/\/soolong.com\/de\/product\/thee-oolong-china-13-geschmack\/","title":{"rendered":"China 13 Geschmack Seidig"},"content":{"rendered":"<p><strong>Beschreibung:<\/strong><\/p>\n<p>Oolong-Tee ist wie schwarzer und gr\u00fcner Tee eine traditionelle Teesorte, aber es gibt noch so viel mehr zu entdecken,<\/p>\n<p>Je nach Oxidationsgrad tendiert der Geschmack von leicht oxidiertem Oolong zu gr\u00fcnem Tee und von stark oxidiertem Oolong zu schwarzem Tee. Sie k\u00f6nnen sich eine gro\u00dfe Vielfalt vorstellen, von typisch nussigen bis hin zu k\u00f6stlich blumigen Charakteren. Lassen Sie sich also von der wunderbaren Geschmackspalette unserer k\u00f6stlichen Oolongs \u00fcberraschen,<br \/>\n<strong>Zutaten:<\/strong><\/p>\n<p>Oolong-Tee leicht oxidiert,<\/p>\n<p>* Enth\u00e4lt Koffein<\/p>\n<p>&nbsp;<\/p>\n<p><strong>Herkunft:<\/strong><\/p>\n<p><strong>Herkunft:<\/strong> China<br \/>\n<strong>Region:<\/strong> Wuhan<br \/>\n<strong>Provinz:<\/strong> Hubei<\/p>\n<p>Dieser k\u00f6stliche Oolong stammt aus Wuhan, dem Ausgangspunkt der Teehandelsroute in die Mongolei. Die ber\u00fchmteste Handelsroute ist jedoch sicherlich die Seidenstra\u00dfe. Der seiden\u00e4hnliche Geschmack dieses k\u00f6stlichen Oolongs erinnert daher an die alte Seidenstra\u00dfe, \u00fcber die jahrhundertelang der Handel zwischen China und Ostasien, dem Nahen Osten und dem Mittelmeer auf der anderen Seite abgewickelt wurde,<\/p>\n<p><strong>Geschmack:<\/strong><\/p>\n<p><strong>Look &amp; Feel:<\/strong> dunkelgr\u00fcne Perlen<br \/>\n<strong>Duft:<\/strong> Orchidee \/ Flieder<br \/>\n<strong>Aufguss:<\/strong> weiches Gelb \/ Gr\u00fcn<br \/>\n<strong>Geschmack:<\/strong> leicht pflanzlich, weich, blumig<\/p>\n<p>F\u00fcr alle, die einen k\u00f6stlichen Oolong mit seidenweichem Geschmack lieben,<\/p>\n<p>&nbsp;<\/p>\n<p><strong>Montagehinweise:<\/strong><\/p>\n<p>Wasser: 100\u00b0C<br \/>\nTee: 2g \/ 1 Teel\u00f6ffel pro Tasse (150 ml)<br \/>\nAufguss: 2 Minuten<\/p>\n<p>Lagerungshinweis: K\u00fchl, trocken, hell und luftdicht lagern.<\/p>\n<p><strong>Passend zum Essen:<\/strong><\/p>\n<p>Kombinieren Sie diesen leicht oxidierten Oolong mit einem St\u00fcck (ger\u00e4uchertem) K\u00e4se und erleben Sie, wie der seidige Geschmack dieses Tees noch besser zur Geltung kommt,<\/p>\n","protected":false},"excerpt":{"rendered":"<p>Oolong Tee<\/p>\n","protected":false},"featured_media":16243,"comment_status":"closed","ping_status":"closed","template":"","meta":{"_acf_changed":false},"product_cat":[606,592,459,203,256,198],"product_tag":[],"giftcard-category":[],"class_list":{"0":"post-40772","1":"product","2":"type-product","3":"status-publish","4":"has-post-thumbnail","6":"product_cat-schwarzer-freitag","7":"product_cat-tee-groshandel","8":"product_cat-tee","9":"product_cat-oolong-de","10":"product_cat-geschmack","11":"product_cat-china-de","13":"first","14":"instock","15":"taxable","16":"shipping-taxable","17":"purchasable","18":"product-type-variable","19":"has-default-attributes"},"acf":{"lijn_nummer":"13","weight":"","wissel":true,"foodpairing":"<p>Kombinieren Sie diesen leicht oxidierten Oolong mit einem St\u00fcck (ger\u00e4uchertem) K\u00e4se und erleben Sie, wie der seidige Geschmack dieses Tees noch besser zur Geltung kommt,<\/p>\n","ingredients":"<p>Oolong Tee leicht oxidiert,<\/p>\n<p>* Enth\u00e4lt Koffein<\/p>\n<p>\u00a0<\/p>\n","origin":"<p><strong>Herkunft:<\/strong> China<br \/>\n<strong>Region:<\/strong> Wuhan<br \/>\n<strong>Provinz:<\/strong> Hubei<\/p>\n<p>Dieser k\u00f6stliche Oolong stammt aus Wuhan, dem Ausgangspunkt der Teehandelsroute in die Mongolei. Die ber\u00fchmteste Handelsroute ist jedoch nach wie vor die Seidenstra\u00dfe. Der seidenartige Geschmack dieses k\u00f6stlichen Oolongs erinnert Sie an die alte Seidenstra\u00dfe, \u00fcber die jahrhundertelang der Handel zwischen China und Ostasien, dem Nahen Osten und dem Mittelmeer auf der anderen Seite abgewickelt wurde,<\/p>\n","tasting_notes":"<p><strong>Look &#038; Feel:<\/strong> dunkelgr\u00fcne Perlen<br \/>\n<strong>Aroma:<\/strong> Orchidee \/ Flieder<br \/>\n<strong>Aufguss:<\/strong> sanftes Gelb \/ Gr\u00fcn<br \/>\n<strong>Geschmack:<\/strong> leicht pflanzlich, sanft, blumig<\/p>\n<p>F\u00fcr Menschen, die einen k\u00f6stlichen Oolong mit einem seidig weichen Geschmack m\u00f6gen,<\/p>\n<p>\u00a0<\/p>\n","zetadvies":"<p><strong>Zubereitungshinweise:<\/strong><\/p>\n<p>Wasser: 100\u00b0C<br \/>\nTee: 2g \/ 1 Teel\u00f6ffel pro Tasse (150 ml)<br \/>\nAufguss: 2 Minuten<\/p>\n<p>Aufbewahrungshinweise: K\u00fchl, trocken, leicht und luftdicht lagern<\/p>\n","new_description":"<p>Oolong-Tee ist wie schwarzer und gr\u00fcner Tee eine traditionelle Teesorte, aber es gibt noch so viel mehr zu entdecken \u201eEs gibt noch so viel mehr zu entdecken\u201c,<\/p>\n<p>Je nach Oxidationsgrad tendiert der Geschmack von leicht oxidiertem Oolong-Tee zu gr\u00fcnem Tee und von stark oxidiertem Oolong-Tee zu schwarzem Tee. Sie k\u00f6nnen sich eine riesige Vielfalt zwischen ihnen vorstellen, vom typisch nussigen bis zum k\u00f6stlich blumigen Charakter,<\/p>\n","recepten":"<p><strong>Stellen Sie Ihren eigenen Eistee her, indem Sie die Shockbrew-Methode anwenden (5 Minuten).<\/strong><\/p>\n<p><strong>Soolong &#8211; Eistee Oolong &#8211; Geschmack Frisch &#038; Seidig &#8211; No, 13<\/strong><br \/>\nSoolong loser Tee &#8211; No 13 China Geschmack Seidig<\/p>\n<p>\u2713 Frische Sommergetr\u00e4nke, ein k\u00f6stlicher Durstl\u00f6scher<br \/>\n\u2713 Hausgemacht<br \/>\n\u2713 Super schnell (5 min,)<br \/>\n\u2713 Luxus-Tee in nachhaltigen Designer-Dosen<br \/>\n\u2713 China Pearls<br \/>\n\u2713 Rein und gesund<\/p>\n<p><strong>Zutaten:<\/strong><\/p>\n<table style=\"width: 74,4388%;\" border=\"7\">\n<tbody>\n<tr style=\"height: 24px;\">\n<td style=\"width: 49%; height: 24px;\"> <strong>1 Glas Eistee &#8211; 400ml<\/strong><\/td>\n<td style=\"width: 51,2128%; height: 24px;\"> <strong>1 Karaffe Eistee &#8211; 1.2L <\/strong><\/td>\n<\/tr>\n<tr style=\"height: 45,5px;\">\n<td style=\"width: 49%; height: 45,5px;\">Soolong Teamaker (400ml)<\/td>\n<td style=\"width: 51,2128%; height: 45,5px;\">2x Soolong Teekanne original (1500ml) +<br \/>\n1x Soolong Edelstahl-Teefilter mit Doppelgriff<\/td>\n<\/tr>\n<tr style=\"height: 21px;\">\n<td style=\"width: 49%; height: 21px;\">Soolong Eistee-Glas (400ml)<\/td>\n<td style=\"width: 51,2128%; height: 21px;\">3x Soolong Eistee-Glas (400ml)<\/td>\n<\/tr>\n<tr style=\"height: 21px;\">\n<td style=\"width: 49%; height: 21px;\">Kochendes Wasser (200ml &#8211; 100\u00b0C)<\/td>\n<td style=\"width: 51,2128%; height: 21px;\">Kochendes Wasser (600ml &#8211; 100\u00b0C)<\/td>\n<\/tr>\n<tr style=\"height: 21px;\">\n<td style=\"width: 49%; height: 21px;\">Zersto\u00dfenes Eis (200ml)<\/td>\n<td style=\"width: 51,2128%; height: 21px;\"> Zersto\u00dfenes Eis (600ml)<\/td>\n<\/tr>\n<tr style=\"height: 63px;\">\n<td style=\"width: 49%; height: 63px;\">Loser Tee: Soolong 13 China Taste Silky (4g =2tl)<br \/>\n*M\u00f6glichkeit zum 3-maligen Aufguss nach Gebrauch, in diesem Fall verl\u00e4ngern Sie die Ziehzeit<\/td>\n<td style=\"width: 51,2128%; height: 63px;\">Loser Tee: Soolong 13 China Taste Silky (12g = 6tl)<br \/>\n*M\u00f6glichkeit zum 3-maligen Aufgie\u00dfen nach Gebrauch, in diesem Fall verl\u00e4ngern Sie die Ziehzeit<\/td>\n<\/tr>\n<tr style=\"height: 30px;\">\n<td style=\"width: 49%; height: 30px;\">Fakultativ: brauner Zucker \/ Sirup \/ Honig<\/td>\n<td style=\"width: 51,2128%; height: 30px;\">Wahlweise: brauner Zucker \/ Sirup \/ Honig<\/td>\n<\/tr>\n<\/tbody>\n<\/table>\n<p><strong>Zubereitung 400ml:<\/strong><br \/>\n1, F\u00fcllen Sie 4 Gramm (2tl) losen Tee (Soolong Nr. 13) in den Teekessel und geben Sie 200ml kochendes Wasser (etwa die H\u00e4lfte des Teekessels) hinzu. Lassen Sie den Tee 2-5 Minuten ziehen,<br \/>\n2, Dann f\u00fcllen Sie das Eisteeglas mit 200 ml zersto\u00dfenem Eis (etwa die H\u00e4lfte des Glases),<br \/>\n3, Nach Ablauf der Ziehzeit stellen Sie den Teamaker auf das Eisteeglas,<br \/>\n4, Optional: Wer es s\u00fc\u00df mag, kann ein wenig braunen Rindenzucker, Sirup oder Honig hinzuf\u00fcgen,<br \/>\n5, Setzen Sie dann den Deckel auf das Eisteeglas und stellen Sie den Edelstahlstrohhalm in das Glas,<\/p>\n<p><strong>Zubereitung 1200ml:<\/strong><br \/>\n1, F\u00fcllen Sie 12 Gramm (6 Teel\u00f6ffel) losen Tee (Soolong Nr. 13) in die Teekanne und \u00fcbergie\u00dfen Sie ihn mit 600ml kochendem Wasser. Lassen Sie den Tee 2-5 Minuten ziehen,<br \/>\n2, F\u00fcllen Sie dann die 2. Teekanne mit 600 ml zersto\u00dfenem Eis (etwa die H\u00e4lfte der Teekanne) und setzen Sie den Edelstahl-Doppelstiel-Teefilter in die Teekanne,<br \/>\n3, Nach Ablauf der Ziehzeit gie\u00dfen Sie den Tee aus der 1. Teekanne durch den Filter \u00fcber das Eis in die 2,<br \/>\n4, Gie\u00dfen Sie den Eistee in die Eisteegl\u00e4ser,<br \/>\n6, Optional: Wer es s\u00fc\u00df mag, kann ein wenig braunen Rindenzucker, Sirup oder Honig hinzuf\u00fcgen,<br \/>\n5, Setzen Sie dann die Deckel auf die Eisteegl\u00e4ser und stecken Sie den Strohhalm aus rostfreiem Stahl hinein,<\/p>\n<p><strong>Genie\u00dfe deinen selbstgemachten Eistee!<\/strong><\/p>\n","productkenmerk1":"Soolong Taste Silky, Nr. 13, Chinesischer leicht oxidierter Oolong-Tee, weich und blumig, Loser Tee in haltbarer Designerdose oder Nachf\u00fcllpackung,","productkenmerk2":"Ein seidig-weicher Oolong-Tee, der sich auch hervorragend als Basis f\u00fcr einen erfrischenden, selbstgemachten Eistee eignet,","productkenmerk3":"Ein Genuss f\u00fcr sich selbst und ein originelles Geschenk f\u00fcr Teeliebhaber,","productkenmerk4":"F\u00fcr die perfekte Tasse Tee 2 Gramm Tee (1 TL) in 150 ml frisch gekochtem Wasser 2 Minuten lang ziehen lassen,","productkenmerk5":"Hochwertiger Tee, bis zu 3-5 Aufsch\u00e4umungen, bei Bedarf nach mehreren Aufsch\u00e4umungen die Ziehzeit verl\u00e4ngern,","productkenmerk6":"Ein Genuss f\u00fcr sich selbst und ein perfektes Geschenk f\u00fcr Teeliebhaber,"},"_links":{"self":[{"href":"https:\/\/soolong.com\/de\/wp-json\/wp\/v2\/product\/40772","targetHints":{"allow":["GET"]}}],"collection":[{"href":"https:\/\/soolong.com\/de\/wp-json\/wp\/v2\/product"}],"about":[{"href":"https:\/\/soolong.com\/de\/wp-json\/wp\/v2\/types\/product"}],"replies":[{"embeddable":true,"href":"https:\/\/soolong.com\/de\/wp-json\/wp\/v2\/comments?post=40772"}],"wp:featuredmedia":[{"embeddable":true,"href":"https:\/\/soolong.com\/de\/wp-json\/wp\/v2\/media\/16243"}],"wp:attachment":[{"href":"https:\/\/soolong.com\/de\/wp-json\/wp\/v2\/media?parent=40772"}],"wp:term":[{"taxonomy":"product_cat","embeddable":true,"href":"https:\/\/soolong.com\/de\/wp-json\/wp\/v2\/product_cat?post=40772"},{"taxonomy":"product_tag","embeddable":true,"href":"https:\/\/soolong.com\/de\/wp-json\/wp\/v2\/product_tag?post=40772"},{"taxonomy":"giftcard-category","embeddable":true,"href":"https:\/\/soolong.com\/de\/wp-json\/wp\/v2\/giftcard-category?post=40772"}],"curies":[{"name":"wp","href":"https:\/\/api.w.org\/{rel}","templated":true}]}}