{"id":40740,"date":"2021-12-08T09:23:00","date_gmt":"2021-12-08T08:23:00","guid":{"rendered":"https:\/\/soolong.com\/product\/malawi-21-sense-detox\/"},"modified":"2025-06-24T15:38:21","modified_gmt":"2025-06-24T13:38:21","slug":"tee-minze-malawi-21-sinn","status":"publish","type":"product","link":"https:\/\/soolong.com\/de\/product\/tee-minze-malawi-21-sinn\/","title":{"rendered":"Malawi 21 Sense Detox*"},"content":{"rendered":"<p><strong>Zutaten:<\/strong><\/p>\n<p>Kr\u00e4utermischung*:<br \/>\nZitronengras, Gr\u00fcne Minze, <strong>Gerstengras<\/strong>, Zitronenmelisse, L\u00f6wenzahnwurzel, Brennnesselbl\u00e4tter, Bl\u00e4tter der s\u00fc\u00dfen Brombeere, Kornblumenbl\u00e4tter<\/p>\n<p>* Enth\u00e4lt kein Koffein<br \/>\n* L\u00f6wenzahn tr\u00e4gt zur inneren Reinigung bei und unterst\u00fctzt die Verdauung,<br \/>\nDie gesundheitliche Wirkung ist noch nicht offiziell nachgewiesen, Eine gesunde Lebensweise ist ebenso wichtig wie eine ausgewogene, abwechslungsreiche Ern\u00e4hrung,<\/p>\n<p><strong>Herkunft:<\/strong><\/p>\n<p>Herkunft: Malawi, Afrika<br \/>\nRegion: Shire Hochland, S\u00fcd-Malawi<\/p>\n<p>Das frische Zitronengras und der Hauch von Minze in dieser k\u00f6stlichen Kr\u00e4utermischung werden auf einer Plantage im Shire-Hochland von Malawi (Afrika) von Hand gepfl\u00fcckt und handwerklich verarbeitet,<\/p>\n<p><strong>Geschmack:<\/strong><\/p>\n<p><strong>Look &amp; Feel:<\/strong> gr\u00fcn (Zitronengras und Minze), lila (Kornblume)<br \/>\n<strong>Aroma:<\/strong> Zitrusfr\u00fcchte und Minze<br \/>\n<strong>Aufguss:<\/strong> hellgelb<br \/>\n<strong>Geschmack:<\/strong> frisch-w\u00fcrziger Geschmack von Zitronengras und Minze<\/p>\n<p>F\u00fcr alle, die den frischen Geschmack von Zitronengras und Minze m\u00f6gen<\/p>\n<p><strong>Br\u00fchmethode:  <\/strong><\/p>\n<p>Wasser: 100\u00b0C<br \/>\nTee: 2g \/ 2 Teel\u00f6ffel pro Tasse (150 ml)<br \/>\nAufguss: 5 Minuten<\/p>\n<p><strong>Lagerungshinweis: <\/strong>k\u00fchl, trocken, leicht und luftdicht aufbewahren<strong><br \/>\n<\/strong><\/p>\n","protected":false},"excerpt":{"rendered":"<p>Gew\u00fcrzmischung<\/p>\n","protected":false},"featured_media":16501,"comment_status":"closed","ping_status":"closed","template":"","meta":{"_acf_changed":false},"product_cat":[606,592,459,200,261,199,207],"product_tag":[],"giftcard-category":[],"class_list":{"0":"post-40740","1":"product","2":"type-product","3":"status-publish","4":"has-post-thumbnail","6":"product_cat-schwarzer-freitag","7":"product_cat-tee-groshandel","8":"product_cat-tee","9":"product_cat-krautertee","10":"product_cat-eistee","11":"product_cat-sense-de","12":"product_cat-malawi-de","14":"first","15":"instock","16":"taxable","17":"shipping-taxable","18":"purchasable","19":"product-type-variable","20":"has-default-attributes"},"acf":{"lijn_nummer":"21","weight":"","wissel":true,"ingredients":"<p>Kr\u00e4utermischung*:<br \/>\nZitronengras, Gr\u00fcne Minze, <strong>Gerstengras<\/strong>, Zitronenmelisse, L\u00f6wenzahnwurzel, Brennnesselbl\u00e4tter, Brombeerbl\u00e4tter, Kornblumenbl\u00e4tter<\/p>\n<p>* Enth\u00e4lt kein Koffein<br \/>\n* L\u00f6wenzahn tr\u00e4gt zur inneren Reinigung bei und unterst\u00fctzt die Verdauung,<br \/>\nDie gesundheitliche Wirkung ist noch nicht offiziell nachgewiesen, Eine gesunde Lebensweise ist wichtig, ebenso wie eine ausgewogene, abwechslungsreiche Ern\u00e4hrung,<\/p>\n","origin":"<p>Herkunft: Malawi, Afrika<br \/>\nRegion: Shire-Hochland, S\u00fcdmalawi<\/p>\n<p>Das frische Zitronengras und der Hauch von Minze in dieser k\u00f6stlichen Kr\u00e4utermischung werden auf einer Plantage im Shire-Hochland von Malawi (Afrika) von Hand gepfl\u00fcckt und handwerklich verarbeitet,<\/p>\n","tasting_notes":"<p><strong>Aussehen &#038; Haptik:<\/strong> gr\u00fcn (Zitronengras und Minze), lila (Kornblumen)<br \/>\n<strong>Aroma:<\/strong> Zitrus und Minze<br \/>\n<strong>Aufguss:<\/strong> hellgelb<br \/>\n<strong>Geschmack:<\/strong> frischer Kr\u00e4utergeschmack von Zitronengras und Minze<\/p>\n<p>F\u00fcr alle, die den frischen Geschmack von Zitronengras und Minze lieben<\/p>\n","zetadvies":"<p><strong>Zubereitungsmethode: <\/strong><\/p>\n<p>Wasser: 100-C<br \/>\nTee: 2g \/ 2 Teel\u00f6ffel pro Tasse (150 ml)<br \/>\nAufguss: 5 Minuten<\/p>\n<p><strong>Aufbewahrungshinweis: <\/strong>k\u00fchl, trocken, hell und luftdicht lagern<strong><br \/>\n<\/strong><\/p>\n","recepten":"<p><strong>Stellen Sie Ihren eigenen Eistee her, indem Sie die Shockbrew-Methode anwenden (5 Minuten).<\/strong><\/p>\n<p>Soolong &#8211; Eistee Minze &#038; Zitrone &#8211; Sense Detox &#8211; No, 21<br \/>\nSoolong &#8211; loser Tee &#8211; No 21 Malawi Sense Detox<\/p>\n<p>\u2713 Fr\u00f6hliche Sommergetr\u00e4nke, wer wird da nicht gl\u00fccklich?<br \/>\n\u2713 Hausgemacht<br \/>\n\u2713 Super schnell (5 min,)<br \/>\n\u2713 Luxus-Tee in nachhaltigen Designer-Dosen<br \/>\n\u2713 Fairer und direkter Handel &#8211; handgepfl\u00fccktes Zitronengras und Minze aus Malawi<br \/>\n\u2713 Rein und gesund<\/p>\n<p><strong>Zutaten:<\/strong><\/p>\n<table style=\"width: 81,9135%;\" border=\"7\">\n<tbody>\n<tr style=\"height: 24px;\">\n<td style=\"width: 51%; height: 24px;\"> <strong>1 Glas Eistee &#8211; 400ml<\/strong><\/td>\n<td style=\"width: 55,1293%; height: 24px;\"> <strong>1 Karaffe Eistee &#8211; 1.2L <\/strong><\/td>\n<\/tr>\n<tr style=\"height: 17,5px;\">\n<td style=\"width: 51%; height: 17,5px;\">Soolong Teamaker (400ml)<\/td>\n<td style=\"width: 55,1293%; height: 17,5px;\">2x Soolong Teekanne original (1500ml) +<br \/>\n1x Soolong Edelstahl-Teefilter mit Doppelgriff<\/td>\n<\/tr>\n<tr style=\"height: 21px;\">\n<td style=\"width: 51%; height: 21px;\">Soolong Eistee-Glas (400ml)<\/td>\n<td style=\"width: 55,1293%; height: 21px;\">3x Soolong Eistee-Glas (400ml)<\/td>\n<\/tr>\n<tr style=\"height: 21px;\">\n<td style=\"width: 51%; height: 21px;\">Kochendes Wasser (200ml &#8211; 100\u00b0C)<\/td>\n<td style=\"width: 55,1293%; height: 21px;\">Kochendes Wasser (600ml &#8211; 100\u00b0C)<\/td>\n<\/tr>\n<tr style=\"height: 21px;\">\n<td style=\"width: 51%; height: 21px;\">Zersto\u00dfenes Eis (200ml)<\/td>\n<td style=\"width: 55,1293%; height: 21px;\"> Zersto\u00dfenes Eis (600ml)<\/td>\n<\/tr>\n<tr style=\"height: 23px;\">\n<td style=\"width: 51%; height: 23px;\">Liquider Tee: Soolong 21 Malawi Sense Detox (4g = 4tl)<br \/>\n*M\u00f6glichkeit, bis zu 3x nach Gebrauch zu trinken, in diesem Fall verl\u00e4ngern Sie die Ziehzeit<\/td>\n<td style=\"width: 55,1293%; height: 23px;\">Loser Tee: Soolong 21 Malawi Sense Detox (12g = 12tl)<br \/>\n*M\u00f6glichkeit, bis zu 3 Mal nach Gebrauch zu trinken, in diesem Fall verl\u00e4ngern Sie die Ziehzeit<\/td>\n<\/tr>\n<tr style=\"height: 30px;\">\n<td style=\"width: 51%; height: 30px;\">Ein Zweig Minze<\/td>\n<td style=\"width: 55,1293%; height: 30px;\">3 Zweige Minze<\/td>\n<\/tr>\n<tr style=\"height: 30px;\">\n<td style=\"width: 51%; height: 30px;\">Zitronenscheibe<\/td>\n<td style=\"width: 55,1293%; height: 30px;\">3 Zitronenscheibchen<\/td>\n<\/tr>\n<tr style=\"height: 30px;\">\n<td style=\"width: 51%; height: 30px;\">Fakultativ: brauner Zucker \/ Sirup \/ Honig<\/td>\n<td style=\"width: 55,1293%; height: 30px;\">Wahlweise: brauner Zucker \/ Sirup \/ Honig<\/td>\n<\/tr>\n<\/tbody>\n<\/table>\n<p><strong>Zubereitungsmethode 400ml:<\/strong><br \/>\n1, Teamaker: F\u00fcllen Sie 4 Gramm (4 Teel\u00f6ffel) losen Tee (Soolong Nr. 21) in den Teamaker und geben Sie 200ml kochendes Wasser hinzu (etwa die H\u00e4lfte des Teamakers),<br \/>\n2, Dann f\u00fcllen Sie das Eisteeglas mit 200 ml zersto\u00dfenem Eis (etwa die H\u00e4lfte des Glases),<br \/>\n3, Schneiden Sie die Zitronenscheibe in zwei H\u00e4lften, dann schneiden Sie eine H\u00e4lfte wieder in zwei Keile und geben Sie die beiden Zitronenkeile in das Eisteeglas,<br \/>\n4, Den Minzzweig hinzuf\u00fcgen und umr\u00fchren,<br \/>\n5, Nach Ablauf der Ziehzeit stellen Sie den Teamaker auf das Eisteeglas,<br \/>\n6, Zur Dekoration die 2. Zitronenh\u00e4lfte in der Mitte einschneiden und auf den Rand des Eisteeglases legen, au\u00dferdem den Strohhalm aus Edelstahl hinzuf\u00fcgen,<br \/>\n7, Optional: Wer es s\u00fc\u00df mag, kann ein wenig braunen Rindenzucker, Sirup oder Honig hinzuf\u00fcgen,<\/p>\n<p><strong>Zubereitung 1200ml:<\/strong><br \/>\n1, F\u00fcllen Sie 12 Gramm (12 Teel\u00f6ffel) losen Tee (Soolong Nr. 21) in die Teekanne und \u00fcbergie\u00dfen Sie ihn mit 600ml kochendem Wasser. Lassen Sie den Tee 5 Minuten lang ziehen,<br \/>\n2, F\u00fcllen Sie dann die 2. Teekanne mit 600 ml zersto\u00dfenem Eis (etwa die H\u00e4lfte der Teekanne) und setzen Sie den Edelstahl-Doppelstiel-Teefilter in die Teekanne,<br \/>\n3, Nach Ablauf der Ziehzeit gie\u00dfen Sie den Tee aus der 1. Teekanne durch den Filter \u00fcber das Eis in die 2,<br \/>\n4, Dann gie\u00dfen Sie den Eistee in die Eisteegl\u00e4ser,<br \/>\n5, Schneiden Sie die Zitronenscheibe in zwei H\u00e4lften, dann schneiden Sie eine H\u00e4lfte wieder in zwei Keile und geben Sie die beiden Zitronenkeile in das Eisteeglas,<br \/>\n6, Den Minzzweig hinzuf\u00fcgen und umr\u00fchren,<br \/>\n7, Optional: Wer es s\u00fc\u00df mag, kann ein wenig braunen Rindenzucker, Sirup oder Honig hinzuf\u00fcgen,<br \/>\n8, Zur Dekoration die 2. Zitronenh\u00e4lfte in der Mitte einschneiden, auf den Rand eines jeden Eisteeglases legen und den Strohhalm aus Edelstahl hinzuf\u00fcgen,<\/p>\n<p><strong>Genie\u00dfe deinen selbstgemachten Eistee!<\/strong><\/p>\n","productkenmerk1":"Soolong Sense Detox no, 21, Malawi-Kr\u00e4utertee mit Minze, Loser Tee in haltbarer Designerdose oder Nachf\u00fcllpackung, Ein k\u00f6stlicher Genuss f\u00fcr sich selbst oder ein originelles Geschenk f\u00fcr Teeliebhaber,","productkenmerk2":"Dieser frische Kr\u00e4utertee eignet sich hervorragend f\u00fcr den Morgen und ist die perfekte Grundlage f\u00fcr einen selbstgemachten Eistee,","productkenmerk3":"Handgepfl\u00fcckte Minze und Zitronengras von einem einzigen Landgut im Shire-Hochland von Malawi,","productkenmerk4":"Ziehen Sie 2 g Tee (2 ml) in 150 ml frisch gekochtem Wasser 5 Minuten lang auf, um eine perfekte Tasse Tee zu erhalten,","productkenmerk5":"Hochwertiger Tee, bis zu 3-5 Aufsch\u00e4umungen, bei Bedarf nach mehreren Aufsch\u00e4umungen die Ziehzeit verl\u00e4ngern,","productkenmerk6":"Langlebige Dose mit einzigartigem Design, ein fr\u00f6hlicher Anblick auf dem Tisch und in jeder K\u00fcche,","productkenmerk7":"Ein Genuss f\u00fcr sich selbst und ein perfektes Geschenk f\u00fcr Teeliebhaber,"},"_links":{"self":[{"href":"https:\/\/soolong.com\/de\/wp-json\/wp\/v2\/product\/40740","targetHints":{"allow":["GET"]}}],"collection":[{"href":"https:\/\/soolong.com\/de\/wp-json\/wp\/v2\/product"}],"about":[{"href":"https:\/\/soolong.com\/de\/wp-json\/wp\/v2\/types\/product"}],"replies":[{"embeddable":true,"href":"https:\/\/soolong.com\/de\/wp-json\/wp\/v2\/comments?post=40740"}],"wp:featuredmedia":[{"embeddable":true,"href":"https:\/\/soolong.com\/de\/wp-json\/wp\/v2\/media\/16501"}],"wp:attachment":[{"href":"https:\/\/soolong.com\/de\/wp-json\/wp\/v2\/media?parent=40740"}],"wp:term":[{"taxonomy":"product_cat","embeddable":true,"href":"https:\/\/soolong.com\/de\/wp-json\/wp\/v2\/product_cat?post=40740"},{"taxonomy":"product_tag","embeddable":true,"href":"https:\/\/soolong.com\/de\/wp-json\/wp\/v2\/product_tag?post=40740"},{"taxonomy":"giftcard-category","embeddable":true,"href":"https:\/\/soolong.com\/de\/wp-json\/wp\/v2\/giftcard-category?post=40740"}],"curies":[{"name":"wp","href":"https:\/\/api.w.org\/{rel}","templated":true}]}}