{"id":40700,"date":"2021-12-08T09:23:00","date_gmt":"2021-12-08T08:23:00","guid":{"rendered":"https:\/\/soolong.com\/product\/china-12-see-dynastea\/"},"modified":"2025-06-24T15:34:32","modified_gmt":"2025-06-24T13:34:32","slug":"tee-oolong-china-12-see","status":"publish","type":"product","link":"https:\/\/soolong.com\/de\/product\/tee-oolong-china-12-see\/","title":{"rendered":"China 12 Siehe Dynastea"},"content":{"rendered":"<p><strong>Beschreibung:<\/strong><\/p>\n<p>Oolong-Tee ist wie schwarzer und gr\u00fcner Tee eine traditionelle Teesorte, aber es gibt noch so viel mehr zu entdecken,<\/p>\n<p>Je nach Oxidationsgrad tendiert der Geschmack von leicht oxidiertem Oolong zu gr\u00fcnem Tee und von stark oxidiertem Oolong zu schwarzem Tee. Sie k\u00f6nnen sich eine gro\u00dfe Vielfalt vorstellen, von typisch nussigen bis hin zu k\u00f6stlich blumigen Charakteren. Lassen Sie sich also von der wunderbaren Geschmackspalette unserer k\u00f6stlichen Oolongs \u00fcberraschen,<br \/>\n<strong>Zutaten:<\/strong><\/p>\n<p>Oolong Tee dunkel oxidiert*<\/p>\n<p>* Enth\u00e4lt Koffein<\/p>\n<p>&nbsp;<\/p>\n<p><strong>Herkunft:<\/strong><\/p>\n<p><strong>Herkunft:<\/strong> China<br \/>\n<strong>Region:<\/strong> Wuhan<br \/>\n<strong>Provinz:<\/strong> Hubei<\/p>\n<p>Dieser k\u00f6stliche Oolong stammt aus Wuhan, der Hauptstadt der chinesischen Provinz Hubei. Seit dem sp\u00e4ten 17. Jahrhundert, w\u00e4hrend der Qing-Dynastie, war Wuhan der Ausgangspunkt der Teehandelsroute in die Mongolei. Diese Handelsroute wurde auch die &#8220;Kamelroute des Graslandes&#8221; oder die &#8220;chinesisch-russische Zehntausend-Li-Tee-Stra\u00dfe&#8221; des modernen Chinas genannt. Diese Handelsroute genie\u00dft weniger Ruhm als die Seidenstra\u00dfe, erkl\u00e4rt aber vielleicht, warum Hubei heute zu den drei wichtigsten Teeanbaugebieten Chinas geh\u00f6rt,<\/p>\n<p><strong>Geschmack:<\/strong><\/p>\n<p><strong>Look &amp; Feel:<\/strong> dunkel gef\u00e4rbte Perlen<br \/>\n<strong>Aroma:<\/strong> erdig mit Rostaroma<br \/>\n<strong>Aufguss:<\/strong> gelb-brauner Aufguss<br \/>\n<strong>Geschmack:<\/strong> erdig, s\u00fc\u00df, mineralisch, weiche Fr\u00fcchte,<\/p>\n<p>F\u00fcr Menschen, die einen etwas schwereren, ausgepr\u00e4gteren Geschmack m\u00f6gen,<\/p>\n<p><strong>Montagehinweise:<\/strong><\/p>\n<p>Wasser: 100\u00b0C<br \/>\nTee: 2g \/ 1 Teel\u00f6ffel pro Tasse (150 ml)<br \/>\nAufguss: 2 Minuten<\/p>\n<p><strong>Lagerungshinweis:<\/strong> K\u00fchl, trocken, leicht und luftdicht lagern,<\/p>\n","protected":false},"excerpt":{"rendered":"<p>Oolong Tee<\/p>\n","protected":false},"featured_media":16123,"comment_status":"closed","ping_status":"closed","template":"","meta":{"_acf_changed":false},"product_cat":[606,592,459,203,211,198],"product_tag":[],"giftcard-category":[],"class_list":{"0":"post-40700","1":"product","2":"type-product","3":"status-publish","4":"has-post-thumbnail","6":"product_cat-schwarzer-freitag","7":"product_cat-tee-groshandel","8":"product_cat-tee","9":"product_cat-oolong-de","10":"product_cat-siehe","11":"product_cat-china-de","13":"first","14":"instock","15":"taxable","16":"shipping-taxable","17":"purchasable","18":"product-type-variable","19":"has-default-attributes"},"acf":{"lijn_nummer":"12","weight":"","wissel":true,"ingredients":"<p>Oolong Tee dunkel oxidiert*<\/p>\n<p>* Enth\u00e4lt Koffein<\/p>\n<p>\u00a0<\/p>\n","origin":"<p><strong>Herkunft:<\/strong> China<br \/>\n<strong>Region:<\/strong> Wuhan<br \/>\n<strong>Provinz:<\/strong> Hubei<\/p>\n<p>Dieser k\u00f6stliche Oolong kommt aus Wuhan, der Hauptstadt der Provinz Hubei in China. Ab dem sp\u00e4ten 17. Jahrhundert, w\u00e4hrend der Qing-Dynastie, war Wuhan der Ausgangspunkt der Teehandelsroute in die Mongolei, Diese Handelsroute wurde auch als \u201eKamelroute des Graslandes\u201c oder als \u201echinesisch-russische Zehntausend-Li-Tee-Stra\u00dfe\u201c des modernen Chinas bezeichnet. Diese Handelsroute genie\u00dft weniger Ruhm als die Seidenstra\u00dfe, erkl\u00e4rt aber vielleicht, warum Hubei heute zu den drei wichtigsten Teeproduktionsregionen Chinas geh\u00f6rt,<\/p>\n","tasting_notes":"<p><strong>Look &#038; Feel:<\/strong> dunkel gef\u00e4rbte Perlen<br \/>\n<strong>Aroma:<\/strong> erdig mit R\u00f6staroma<br \/>\n<strong>Aufguss:<\/strong> gelb-brauner Aufguss<br \/>\n<strong>Geschmack:<\/strong> erdig, s\u00fc\u00df, mineralisch, weiche Fr\u00fcchte,<\/p>\n<p>F\u00fcr Leute, die einen etwas schwereren, ausgepr\u00e4gteren Geschmack m\u00f6gen,<\/p>\n","zetadvies":"<p><strong>Zubereitungshinweise:<\/strong><\/p>\n<p>Wasser: 100\u00b0C<br \/>\nTee: 2g \/ 1 Teel\u00f6ffel pro Tasse (150 ml)<br \/>\nAufguss: 2 Minuten<\/p>\n<p><strong>Aufbewahrungshinweise:<\/strong> K\u00fchl, trocken, leicht und luftdicht lagern,<\/p>\n","new_description":"<p>Oolong-Tee ist wie schwarzer und gr\u00fcner Tee eine traditionelle Teesorte, aber es gibt noch so viel mehr zu entdecken \u201eEs gibt noch so viel mehr zu entdecken\u201c,<\/p>\n<p>Je nach Oxidationsgrad tendiert der Geschmack von leicht oxidiertem Oolong-Tee zu gr\u00fcnem Tee und von stark oxidiertem Oolong-Tee zu schwarzem Tee. Sie k\u00f6nnen sich eine riesige Vielfalt zwischen ihnen vorstellen, vom typisch nussigen bis zum k\u00f6stlich blumigen Charakter,<\/p>\n","productkenmerk1":"Soolong See Dynastea, Nr. 12, Chinesischer dunkel oxidierter Oolong-Tee, rein und stark, Loser Tee in haltbarer Designerdose oder Nachf\u00fcllpackung,","productkenmerk2":"F\u00fcr Menschen, die einen etwas schwereren, ausgepr\u00e4gteren Teegeschmack m\u00f6gen. Ein Genuss f\u00fcr sich selbst und ein perfektes Geschenk f\u00fcr Teeliebhaber,","productkenmerk3":"Ein Genuss f\u00fcr sich selbst und ein originelles Geschenk f\u00fcr Teeliebhaber,","productkenmerk4":"F\u00fcr die perfekte Tasse Tee 2 Gramm Tee (1 TL) in 150 ml frisch gekochtem Wasser 2 Minuten lang ziehen lassen,","productkenmerk5":"Hochwertiger Tee, bis zu 3-5 Aufsch\u00e4umungen, bei Bedarf nach mehreren Aufsch\u00e4umungen die Ziehzeit verl\u00e4ngern,","productkenmerk6":"Langlebige Dose mit einzigartigem Design, ein fr\u00f6hlicher Anblick auf dem Tisch und in jeder K\u00fcche,"},"_links":{"self":[{"href":"https:\/\/soolong.com\/de\/wp-json\/wp\/v2\/product\/40700","targetHints":{"allow":["GET"]}}],"collection":[{"href":"https:\/\/soolong.com\/de\/wp-json\/wp\/v2\/product"}],"about":[{"href":"https:\/\/soolong.com\/de\/wp-json\/wp\/v2\/types\/product"}],"replies":[{"embeddable":true,"href":"https:\/\/soolong.com\/de\/wp-json\/wp\/v2\/comments?post=40700"}],"wp:featuredmedia":[{"embeddable":true,"href":"https:\/\/soolong.com\/de\/wp-json\/wp\/v2\/media\/16123"}],"wp:attachment":[{"href":"https:\/\/soolong.com\/de\/wp-json\/wp\/v2\/media?parent=40700"}],"wp:term":[{"taxonomy":"product_cat","embeddable":true,"href":"https:\/\/soolong.com\/de\/wp-json\/wp\/v2\/product_cat?post=40700"},{"taxonomy":"product_tag","embeddable":true,"href":"https:\/\/soolong.com\/de\/wp-json\/wp\/v2\/product_tag?post=40700"},{"taxonomy":"giftcard-category","embeddable":true,"href":"https:\/\/soolong.com\/de\/wp-json\/wp\/v2\/giftcard-category?post=40700"}],"curies":[{"name":"wp","href":"https:\/\/api.w.org\/{rel}","templated":true}]}}