{"id":40666,"date":"2021-12-08T09:23:00","date_gmt":"2021-12-08T08:23:00","guid":{"rendered":"https:\/\/soolong.com\/product\/china-14-rosen-geniessen\/"},"modified":"2025-06-24T15:33:57","modified_gmt":"2025-06-24T13:33:57","slug":"tee-oolong-china-14-genuss","status":"publish","type":"product","link":"https:\/\/soolong.com\/de\/product\/tee-oolong-china-14-genuss\/","title":{"rendered":"China 14 Rosen genie\u00dfen"},"content":{"rendered":"<p><strong>Beschreibung:<\/strong><\/p>\n<p>Oolong-Tee ist wie schwarzer und gr\u00fcner Tee eine traditionelle Teesorte, aber es gibt noch so viel mehr zu entdecken,<\/p>\n<p>Je nach Oxidationsgrad tendiert der Geschmack von leicht oxidiertem Oolong zu gr\u00fcnem Tee und von stark oxidiertem Oolong zu schwarzem Tee. Sie k\u00f6nnen sich eine gro\u00dfe Vielfalt vorstellen, von typisch nussigen bis hin zu k\u00f6stlich blumigen Charakteren. Lassen Sie sich also von der wunderbaren Geschmackspalette unserer k\u00f6stlichen Oolongs \u00fcberraschen,<br \/>\n<strong>Zutaten:<\/strong><\/p>\n<p>Oolong-Tee-Mischung*:<br \/>\nOolong-Tee 87%, Rosenbl\u00fcten 8%, K\u00e4sekr\u00e4uterbl\u00fcten, Lavendelbl\u00fcten,<\/p>\n<p>* Enth\u00e4lt Koffein<\/p>\n<p><strong>Herkunft:<\/strong><\/p>\n<p><strong>Herkunft:<\/strong> China<br \/>\n<strong>Region:<\/strong> Wuhan<br \/>\n<strong>Provinz:<\/strong> Hubei<\/p>\n<p>Dieser k\u00f6stliche, aus China stammende Oolong bildet zusammen<span style=\"font-size: 1rem;\"> mit den anderen Zutaten, die aus verschiedenen L\u00e4ndern stammen, eine wunderbar ausgewogene festliche Mischung, die niemanden entt\u00e4uschen wird,<\/span><\/p>\n<p><strong>Geschmack:<\/strong><\/p>\n<p><strong>Look &amp; Feel:<\/strong> hellgr\u00fcne Perlen, umgeben von roten Rosenbl\u00e4ttern und lila Lavendel<br \/>\n<strong>Duft:<\/strong> Orchidee, Flieder<br \/>\n<strong>Aufguss:<\/strong> hellgelb\/gr\u00fcn<br \/>\n<strong>Geschmack:<\/strong> leicht pflanzlich, weich, blumig<\/p>\n<p>F\u00fcr Menschen, die eine festliche und fr\u00f6hliche Teemischung mit einem leicht blumigen Geschmack m\u00f6gen,<\/p>\n<p><strong>Montagehinweise:<\/strong><\/p>\n<p>Wasser: 100\u00b0C<br \/>\nTee: 2g \/ 1 Teel\u00f6ffel pro Tasse (150 ml)<br \/>\nAufguss: 2 Minuten<\/p>\n<p><strong>Lagerungshinweis:<\/strong> K\u00fchl, trocken, hell und luftdicht lagern.<\/p>\n","protected":false},"excerpt":{"rendered":"<p>Oolong-Tee-Mischung<\/p>\n","protected":false},"featured_media":16376,"comment_status":"closed","ping_status":"closed","template":"","meta":{"_acf_changed":false},"product_cat":[606,592,459,203,245,198],"product_tag":[],"giftcard-category":[],"class_list":{"0":"post-40666","1":"product","2":"type-product","3":"status-publish","4":"has-post-thumbnail","6":"product_cat-schwarzer-freitag","7":"product_cat-tee-groshandel","8":"product_cat-tee","9":"product_cat-oolong-de","10":"product_cat-geniese","11":"product_cat-china-de","13":"first","14":"instock","15":"taxable","16":"shipping-taxable","17":"purchasable","18":"product-type-variable","19":"has-default-attributes"},"acf":{"lijn_nummer":"14","weight":"","wissel":true,"ingredients":"<p>Oolong-Tee-Mischung*:<br \/>\nOolong-Tee 87%, Rosenbl\u00fcten 8%, K\u00e4sekrautbl\u00fcten, Lavendelbl\u00fcten,<\/p>\n<p>* Enth\u00e4lt Koffein<\/p>\n","origin":"<p><strong>Herkunft:<\/strong> China<br \/>\n<strong>Region:<\/strong> Wuhan<br \/>\n<strong>Provinz:<\/strong> Hubei<\/p>\n<p>Dieser k\u00f6stliche Oolong aus China bildet zusammen<span style=\"font-size: 1rem;\"> mit den anderen Zutaten, die aus verschiedenen L\u00e4ndern stammen, eine wunderbar ausgewogene festliche Mischung, die niemanden entt\u00e4uschen wird,<\/span><\/p>\n","tasting_notes":"<p><strong>Look &#038; Feel:<\/strong> hellgr\u00fcne Perlen, umgeben von roten Rosenbl\u00e4ttern und violettem Lavendel<br \/>\n<strong>Aroma:<\/strong> Orchidee, Flieder<br \/>\n<strong>Aufguss:<\/strong> hellgelb\/gr\u00fcn<br \/>\n<strong>Geschmack:<\/strong> leicht pflanzlich, mild, blumig<\/p>\n<p>F\u00fcr Menschen, die eine festliche und fr\u00f6hliche Teemischung mit einem leicht blumigen Geschmack m\u00f6gen,<\/p>\n","zetadvies":"<p><strong>Zubereitungshinweise:<\/strong><\/p>\n<p>Wasser: 100\u00b0C<br \/>\nTee: 2g \/ 1 Teel\u00f6ffel pro Tasse (150 ml)<br \/>\nAufguss: 2 Minuten<\/p>\n<p><strong>Aufbewahrungshinweise:<\/strong> K\u00fchl, trocken, leicht und luftdicht lagern<\/p>\n","new_description":"<p>Oolong-Tee ist wie schwarzer und gr\u00fcner Tee eine traditionelle Teesorte, aber es gibt noch so viel mehr zu entdecken \u201eEs gibt noch so viel mehr zu entdecken\u201c,<\/p>\n<p>Je nach Oxidationsgrad tendiert der Geschmack von leicht oxidiertem Oolong-Tee zu gr\u00fcnem Tee und von stark oxidiertem Oolong-Tee zu schwarzem Tee. Sie k\u00f6nnen sich eine riesige Vielfalt zwischen ihnen vorstellen, vom typisch nussigen bis zum k\u00f6stlich blumigen Charakter,<\/p>\n","productkenmerk1":"Soolong Enjoy Roses, Nr. 14, Chinesischer Oolong-Tee mit Rosenbl\u00fcten und Lavendel, Loser Tee in haltbarer Designerdose oder Nachf\u00fcllbeutel,","productkenmerk2":"Eine festliche und fr\u00f6hliche Teemischung mit einem leicht blumigen Geschmack,","productkenmerk3":"Ein Genuss f\u00fcr sich selbst und ein originelles Geschenk f\u00fcr Teeliebhaber,","productkenmerk4":"F\u00fcr die perfekte Tasse Tee 2 Gramm Tee (1 TL) in 150 ml frisch gekochtem Wasser 2 Minuten lang ziehen lassen,","productkenmerk5":"Hochwertiger Tee, bis zu 3-5 Aufsch\u00e4umungen, bei Bedarf nach mehreren Aufsch\u00e4umungen die Ziehzeit verl\u00e4ngern,","productkenmerk6":"Ein Genuss f\u00fcr sich selbst und ein perfektes Geschenk f\u00fcr Teeliebhaber,"},"_links":{"self":[{"href":"https:\/\/soolong.com\/de\/wp-json\/wp\/v2\/product\/40666","targetHints":{"allow":["GET"]}}],"collection":[{"href":"https:\/\/soolong.com\/de\/wp-json\/wp\/v2\/product"}],"about":[{"href":"https:\/\/soolong.com\/de\/wp-json\/wp\/v2\/types\/product"}],"replies":[{"embeddable":true,"href":"https:\/\/soolong.com\/de\/wp-json\/wp\/v2\/comments?post=40666"}],"wp:featuredmedia":[{"embeddable":true,"href":"https:\/\/soolong.com\/de\/wp-json\/wp\/v2\/media\/16376"}],"wp:attachment":[{"href":"https:\/\/soolong.com\/de\/wp-json\/wp\/v2\/media?parent=40666"}],"wp:term":[{"taxonomy":"product_cat","embeddable":true,"href":"https:\/\/soolong.com\/de\/wp-json\/wp\/v2\/product_cat?post=40666"},{"taxonomy":"product_tag","embeddable":true,"href":"https:\/\/soolong.com\/de\/wp-json\/wp\/v2\/product_tag?post=40666"},{"taxonomy":"giftcard-category","embeddable":true,"href":"https:\/\/soolong.com\/de\/wp-json\/wp\/v2\/giftcard-category?post=40666"}],"curies":[{"name":"wp","href":"https:\/\/api.w.org\/{rel}","templated":true}]}}