{"id":40614,"date":"2021-12-08T09:23:00","date_gmt":"2021-12-08T08:23:00","guid":{"rendered":"https:\/\/soolong.com\/product\/china-11-sense-vitality\/"},"modified":"2025-06-24T15:38:05","modified_gmt":"2025-06-24T13:38:05","slug":"tee-ingwer-china-11-sinn","status":"publish","type":"product","link":"https:\/\/soolong.com\/de\/product\/tee-ingwer-china-11-sinn\/","title":{"rendered":"China 11 Sense Vitality*"},"content":{"rendered":"<p><strong>Beschreibung:<\/strong><\/p>\n<p>Lassen Sie Ihre Geschmacksnerven von diesem k\u00f6stlichen Kr\u00e4utertee mit dem nat\u00fcrlichen Geschmack von starkem Ingwer und frischem Zitronengras verzaubern,<\/p>\n<p><strong>Zutaten:<\/strong><\/p>\n<p>Kr\u00e4utermischung*:<br \/>\nIngwer, Zitronengras, Mate gr\u00fcn, Teebl\u00fcten, Orangenschalen, Zitronenschalen, Sonnenblumenbl\u00fcten, Zitronenmyrte,<\/p>\n<p>* Geringer Koffeingehalt<br \/>\n* Ingwer unterst\u00fctzt das Immunsystem und tr\u00e4gt zur Vitalit\u00e4t bei,<br \/>\nDie gesundheitliche Wirkung ist noch nicht offiziell nachgewiesen, Eine gesunde Lebensweise ist ebenso wichtig wie eine ausgewogene, abwechslungsreiche Ern\u00e4hrung,<\/p>\n<p><strong>Herkunft:<\/strong><\/p>\n<p>Herkunft: Kr\u00e4uter aus verschiedenen L\u00e4ndern, darunter China,<\/p>\n<p>Inspiriert von der chinesischen K\u00fcche, in der kr\u00e4ftiger Ingwer und die Frische der Zitrone viele Geschmacksnerven verzaubern, ist dieser Kr\u00e4utertee mit Zutaten aus verschiedenen L\u00e4ndern eine wunderbar ausgewogene Mischung aus nat\u00fcrlichen Aromen mit einem scharfen und erfrischenden Charakter,<\/p>\n<p><strong>Geschmack:<\/strong><\/p>\n<p><strong>Aussehen und Wirkung:<\/strong> gr\u00fcn (Zitronengras), hellgelb (Ingwerst\u00fccke) und gelb (Sonnenblumenbl\u00fctenbl\u00e4tter),<br \/>\n<strong>Aroma:<\/strong> Zitrusfr\u00fcchte und starke Gew\u00fcrze<br \/>\n<strong>Aufguss:<\/strong> goldgelb<br \/>\n<strong>Geschmack:<\/strong> belebendes Zitronengras mit kr\u00e4ftigen Ingwernoten,<\/p>\n<p>F\u00fcr Menschen, die eine frische und starke Kr\u00e4utermischung m\u00f6gen,<\/p>\n<p><strong>Montagehinweise:<\/strong><\/p>\n<p>Wasser: 100\u00b0C<br \/>\nTee: 2g \/ 1 Teel\u00f6ffel pro Tasse (150 ml)<br \/>\nZiehzeit: 8-10 Minuten<\/p>\n<p><strong>Lagerungshinweis: <\/strong>K\u00fchl, trocken, hell und luftdicht lagern.<\/p>\n<p>&nbsp;<\/p>\n","protected":false},"excerpt":{"rendered":"<p>Gew\u00fcrzmischung<\/p>\n","protected":false},"featured_media":69451,"comment_status":"closed","ping_status":"closed","template":"","meta":{"_acf_changed":false},"product_cat":[606,592,200,199,198],"product_tag":[],"giftcard-category":[],"class_list":{"0":"post-40614","1":"product","2":"type-product","3":"status-publish","4":"has-post-thumbnail","6":"product_cat-schwarzer-freitag","7":"product_cat-tee-groshandel","8":"product_cat-krautertee","9":"product_cat-sense-de","10":"product_cat-china-de","12":"first","13":"instock","14":"taxable","15":"shipping-taxable","16":"purchasable","17":"product-type-variable","18":"has-default-attributes"},"acf":{"lijn_nummer":"11","weight":"","wissel":true,"ingredients":"<p>Kr\u00e4utermischung*:<br \/>\nIngwer, Zitronengras, Gr\u00fcner Mate, Teebl\u00fcten, Orangenschalen, Zitronenschalen, Sonnenblumenbl\u00fcten, Zitronenmyrte,<\/p>\n<p>* Geringes Koffein<br \/>\n* Ingwer unterst\u00fctzt das Immunsystem und tr\u00e4gt zur Vitalit\u00e4t bei,<br \/>\nDie gesundheitliche Wirkung ist noch nicht offiziell nachgewiesen, Eine gesunde Lebensweise ist ebenso wichtig wie eine ausgewogene, abwechslungsreiche Ern\u00e4hrung,<\/p>\n","origin":"<p>Herkunft: Kr\u00e4uter aus verschiedenen L\u00e4ndern, darunter China,<\/p>\n<p>Inspiriert von der chinesischen K\u00fcche, in der kr\u00e4ftiger Ingwer und die Frische der Zitrone viele Geschmacksknospen verzaubern, ist dieser Kr\u00e4utertee mit Zutaten aus verschiedenen L\u00e4ndern eine wunderbar ausgewogene Mischung aus nat\u00fcrlichen Aromen mit einem scharfen und erfrischenden Charakter,<\/p>\n","tasting_notes":"<p><strong>Aussehen &#038; Haptik:<\/strong> gr\u00fcn (Zitronengras), hellgelb (Ingwerst\u00fccke) und gelb (Sonnenblumenbl\u00e4tter),<br \/>\n<strong>Aroma:<\/strong> Zitrusfr\u00fcchte und kr\u00e4ftige Kr\u00e4uter<br \/>\n<strong>Aufguss:<\/strong> goldgelb<br \/>\n<strong>Geschmack:<\/strong> belebendes Zitronengras mit kr\u00e4ftigen Noten von Ingwer,<\/p>\n<p>F\u00fcr Menschen, die eine frische und kr\u00e4ftige Kr\u00e4utermischung m\u00f6gen,<\/p>\n","zetadvies":"<p><strong>Zubereitungshinweise:<\/strong><\/p>\n<p>Wasser: 100\u00b0C<br \/>\nTee: 2g \/ 1 Teel\u00f6ffel pro Tasse (150 ml)<br \/>\nZiehzeit: 8-10 Minuten<\/p>\n<p><strong>Aufbewahrungshinweise: <\/strong>K\u00fchl, trocken, hell und luftdicht lagern<\/p>\n<p>\u00a0<\/p>\n","new_description":"<p>Lassen Sie Ihre Geschmacksnerven von diesem k\u00f6stlichen Kr\u00e4utertee mit dem nat\u00fcrlichen Geschmack von starkem Ingwer und frischem Zitronengras verzaubern,<\/p>\n","productkenmerk1":"Soolong Sense Vitality, Nr. 11, Kr\u00e4utertee mit Ingwer und Zitronengras, Loser Tee in einer haltbaren Designerdose oder Nachf\u00fcllpackung,","productkenmerk2":"Ein k\u00f6stlicher entkoffeinierter Kr\u00e4utertee f\u00fcr alle, die kr\u00e4ftigen Ingwer und die sanfte Frische der Zitrone lieben,","productkenmerk3":"Ein Genuss f\u00fcr sich selbst und ein originelles Geschenk f\u00fcr Teeliebhaber,","productkenmerk4":"Ziehen Sie 2 g Tee (1 TL) in 150 ml frisch gekochtem Wasser 5 Minuten lang auf, um eine perfekte Tasse Tee zu erhalten,","productkenmerk5":"Hochwertiger Tee, bis zu 3-5 Aufsch\u00e4umungen, bei Bedarf nach mehreren Aufsch\u00e4umungen die Ziehzeit verl\u00e4ngern,","productkenmerk6":"Langlebige Dose mit einzigartigem Design, ein fr\u00f6hlicher Anblick auf dem Tisch und in jeder K\u00fcche,","productkenmerk7":"Ein Genuss f\u00fcr sich selbst und ein perfektes Geschenk f\u00fcr Teeliebhaber,","marktplaatstitel1":"Soolong Sense Ingwertee - Belebend & Kraftvoll - Ingwer & Zitronengras - Nachhaltiger loser Tee - Premium-Kr\u00e4utertee aus China"},"_links":{"self":[{"href":"https:\/\/soolong.com\/de\/wp-json\/wp\/v2\/product\/40614","targetHints":{"allow":["GET"]}}],"collection":[{"href":"https:\/\/soolong.com\/de\/wp-json\/wp\/v2\/product"}],"about":[{"href":"https:\/\/soolong.com\/de\/wp-json\/wp\/v2\/types\/product"}],"replies":[{"embeddable":true,"href":"https:\/\/soolong.com\/de\/wp-json\/wp\/v2\/comments?post=40614"}],"wp:featuredmedia":[{"embeddable":true,"href":"https:\/\/soolong.com\/de\/wp-json\/wp\/v2\/media\/69451"}],"wp:attachment":[{"href":"https:\/\/soolong.com\/de\/wp-json\/wp\/v2\/media?parent=40614"}],"wp:term":[{"taxonomy":"product_cat","embeddable":true,"href":"https:\/\/soolong.com\/de\/wp-json\/wp\/v2\/product_cat?post=40614"},{"taxonomy":"product_tag","embeddable":true,"href":"https:\/\/soolong.com\/de\/wp-json\/wp\/v2\/product_tag?post=40614"},{"taxonomy":"giftcard-category","embeddable":true,"href":"https:\/\/soolong.com\/de\/wp-json\/wp\/v2\/giftcard-category?post=40614"}],"curies":[{"name":"wp","href":"https:\/\/api.w.org\/{rel}","templated":true}]}}