{"id":82052,"date":"2023-09-18T11:34:55","date_gmt":"2023-09-18T09:34:55","guid":{"rendered":"https:\/\/soolong.com\/einzelhaendler\/"},"modified":"2024-07-12T17:49:27","modified_gmt":"2024-07-12T15:49:27","slug":"einzelhaendler","status":"publish","type":"page","link":"https:\/\/soolong.com\/de\/einzelhaendler\/","title":{"rendered":"Einzelh\u00e4ndler"},"content":{"rendered":"<section class=\"switch pt-0\">\n    <div class=\"container\">\n<div class=\"switch__top text-center container-small py-5\">\n<h2>Hallo Retailpartners<\/h2><p>Sie suchen einen echten Blickfang f\u00fcr Ihr Gesch\u00e4ft? Entdecken Sie Soolong, die Super-Premium-Marke in der Welt des Tees, des Kaffees und des einzigartigen Konzepts T-Vino&#8217;s. Dieser alkoholfreie Wein wird mit Tee aufgegossen &#8211; perfekt f\u00fcr Ihre Kunden, die sich sowohl f\u00fcr Luxus als auch f\u00fcr Gesundheit entscheiden.<\/p>\n<\/div>\n\n\n<div class=\"switch__item d-lg-flex flex-row-reverse\">\n    <div class=\"switch__image\" style=\"background-image: url(https:\/\/soolong.com\/wp-content\/uploads\/2023\/09\/HannoDeVries-20230905-Soolongproduct-sfeershoot-web-48.jpg)\">\n\n    <\/div>\n    <div class=\"switch__content\">\n        <div class=\"switch__content--inner\">\n            <h3>Waarom Soolong?<\/h3>\n            <ul>\n<li><strong>Hoge kwaliteit producten<\/strong>: Met \u00e9\u00e9n theelepel zet je al een kop thee die 3-5 keer opnieuw opgeschonken kan worden.<\/li>\n<li><strong>Innovatieve Blends &amp; Duurzame Verpakking<\/strong>: We onderscheiden ons met unieke theeblends en duurzame, herbruikbare verpakkingsmaterialen zoals thee in blik. We tillen elk detail naar een hoger niveau.<\/li>\n<li><strong>Gezonde Leefstijl<\/strong>: Kies voor onze alcoholvrije wijn, oftewel T-Vino&#8217;s, met tot 70% minder calorie\u00ebn dan reguliere wijn. Een verfrissend gezonde leefstijl keuze!<\/li>\n<li><strong>Giving Back<\/strong>: 5% van onze omzet gaat naar goede doelen in het land van herkomst van onze producten via Stichting Aid1to1.<\/li>\n<\/ul>\n\n                    <\/div>\n    <\/div>\n<\/div>\n\n<div class=\"switch__item d-lg-flex flex-row\">\n    <div class=\"switch__image\" style=\"background-image: url(https:\/\/soolong.com\/wp-content\/uploads\/2023\/09\/HannoDeVries-20230905-Soolongproduct-sfeershoot-web-53.jpg)\">\n\n    <\/div>\n    <div class=\"switch__content\">\n        <div class=\"switch__content--inner\">\n            <h3>Speciaal voor de Retail<\/h3>\n            <p>Voor wijn- en delicatessenzaken, theewinkels, bakkerij-en of andere winkels met een super premium uitstraling en assortiment, biedt Soolong je niet alleen een uniek en super premium productaanbod, maar ook effectieve point-of-sale oplossingen. Denk aan op maat gemaakte vloer- en toonbankdisplays die de aandacht trekken en de verkoop stimuleren.<\/p>\n<p>Bovendien zijn onze producten exclusief verkrijgbaar in het hogere segment; je vindt ze dus niet in de supermarkt. Daarmee trek je een klantenkring die op zoek is naar kwaliteit en bereid is daarvoor te betalen.<\/p>\n<p>Wil je jouw assortiment naar een hoger niveau tillen? Neem dan gerust contact met ons op via <a href=\"mailto:b2b@soolong.com\">b2b@soolong.com<\/a><\/p>\n\n                    <\/div>\n    <\/div>\n<\/div>\n\n\n\n    <\/div>\n<\/section>\n\n<section class=\"cta bg-light\">\n  <div class=\"container py-5\">\n    <div class=\"row\">\n      <div class=\"col-12 col-lg-6 offset-lg-3\">\n                          <h2 class=\"font-merriweather font-italic\">Wollen Sie unser Einzelhandelspartner werden?<\/h2>\n\n        \n                  <p>Dann melden Sie sich f\u00fcr ein Gro\u00dfhandelskonto an.<\/p>\n\n\n        \n\n        \n          <a href=\"https:\/\/soolong.com\/wholesale-ordering\/\" class=\"btn btn-dark\">Ich melde mich an<\/a>\n\n        \n\n      <\/div>\n    <\/div>\n  <\/div>\n<\/section>","protected":false},"excerpt":{"rendered":"","protected":false},"author":1,"featured_media":0,"parent":0,"menu_order":0,"comment_status":"closed","ping_status":"closed","template":"","meta":{"_acf_changed":false,"footnotes":""},"class_list":["post-82052","page","type-page","status-publish","hentry"],"acf":{"samenvatting":null},"_links":{"self":[{"href":"https:\/\/soolong.com\/de\/wp-json\/wp\/v2\/pages\/82052","targetHints":{"allow":["GET"]}}],"collection":[{"href":"https:\/\/soolong.com\/de\/wp-json\/wp\/v2\/pages"}],"about":[{"href":"https:\/\/soolong.com\/de\/wp-json\/wp\/v2\/types\/page"}],"author":[{"embeddable":true,"href":"https:\/\/soolong.com\/de\/wp-json\/wp\/v2\/users\/1"}],"replies":[{"embeddable":true,"href":"https:\/\/soolong.com\/de\/wp-json\/wp\/v2\/comments?post=82052"}],"version-history":[{"count":3,"href":"https:\/\/soolong.com\/de\/wp-json\/wp\/v2\/pages\/82052\/revisions"}],"predecessor-version":[{"id":82479,"href":"https:\/\/soolong.com\/de\/wp-json\/wp\/v2\/pages\/82052\/revisions\/82479"}],"wp:attachment":[{"href":"https:\/\/soolong.com\/de\/wp-json\/wp\/v2\/media?parent=82052"}],"curies":[{"name":"wp","href":"https:\/\/api.w.org\/{rel}","templated":true}]}}