{"id":41986,"date":"2021-12-13T11:45:05","date_gmt":"2021-12-13T10:45:05","guid":{"rendered":"https:\/\/soolong.com\/ueber-soolong\/"},"modified":"2023-03-23T14:35:09","modified_gmt":"2023-03-23T13:35:09","slug":"ueber-soolong","status":"publish","type":"page","link":"https:\/\/soolong.com\/de\/ueber-soolong\/","title":{"rendered":"\u00dcber Soolong"},"content":{"rendered":"<section class=\"switch pt-0\">\n<div class=\"switch__top text-center container-small py-5\">\n<h2><b>Willkommen<\/b> in der Welt von <b>Soolong<\/b><\/h2><p><strong><em>Das Leben ist eine Reise&#8230;<\/em><\/strong><\/p>\n<p>Alles begann im sch\u00f6nen, fernen Sri Lanka. Als ich auf den Felsen Sigirya starrte, gab es einen Moment der Kontemplation. Kein Haus, kein Auto, keine M\u00f6bel, kein Job&#8230; keine Gewissheiten. Jedem seine eigene Meinung. Wir genie\u00dfen den Frieden, die Freiheit und all die Sch\u00f6nheit um uns herum. Dazu kommen die k\u00f6stlichen D\u00fcfte und Geschm\u00e4cker des Landes. Ein Abenteuer, ein unvergessliches Erlebnis und der Beginn einer neuen Lebensweise.<\/p>\n<\/div>\n\n\n<div class=\"switch__item d-lg-flex flex-row-reverse\">\n    <div class=\"switch__image\" style=\"background-image: url(https:\/\/soolong.com\/wp-content\/uploads\/2021\/11\/32D3D60D-3153-49D0-AD4D-C122E53DB2C0-kopieren-e1633950895434.jpeg)\">\n\n    <\/div>\n    <div class=\"switch__content\">\n        <div class=\"switch__content--inner\">\n            <h3>&#8220;Unsere Reise ist unser Schicksal<\/h3>\n            <p>Wir m\u00f6chten dies mit der Welt um uns herum teilen.<\/p>\n<p>Bei Soolong geht es um eine bewusste Lebensweise. F\u00fcr dich selbst und die Menschen um dich herum. Aber es geht auch darum, neue Erfahrungen zu machen und Ger\u00fcche und Geschm\u00e4cker zu verbinden. \u00dcber das Vergn\u00fcgen. Denn in der heutigen Zeit vergessen wir das manchmal: genie\u00dfen. Im Wahn des Tages vergehen Tage, Monate und sogar Jahre wie im Flug.<\/p>\n<p><strong>Wenn ein Lebensereignis deinen Lebenskompass verschiebt<\/strong><\/p>\n<p>Aber manchmal passiert etwas in deinem Leben, das dich dazu bringt, andere Entscheidungen zu treffen. Pl\u00f6tzlich wird dir klar, dass es besser ist, die Dinge zu bereuen, die du getan hast, als die, die du nicht getan hast. Oder immer noch tun wollen! Ganz bei dir selbst sein, deinem Herzen folgen und nichts mehr aufschieben. Und am wertvollsten&#8230;. Finde ein tiefes Gef\u00fchl daf\u00fcr, was du f\u00fcr diese Welt tun willst.<\/p>\n<p>Wenn wir einmal davon ausgehen, dass wir nichts mitnehmen k\u00f6nnen&#8230; dann ist es vielleicht besser, zu schauen, was wir geben und zur\u00fccklassen k\u00f6nnen. Es wurde zu unserer Mission, der Welt etwas zur\u00fcckzugeben, indem wir Menschen inspirieren. Die Augen zu \u00f6ffnen f\u00fcr all die sch\u00f6nen Orte, die die Welt zu bieten hat, neue Geschm\u00e4cker zu erleben und das Leben zu genie\u00dfen.<\/p>\n<p>Unsere Reise um die Welt begann buchst\u00e4blich und im \u00fcbertragenen Sinne in Sri Lanka. Ein wundersch\u00f6nes Land mit einer k\u00f6stlichen K\u00fcche und unglaublich netten Menschen. Aus einem spontanen Treffen mit zwei Sri Lankern wurde eine langj\u00e4hrige Freundschaft und eine intensive Leidenschaft f\u00fcr Tee. Damit war der erste Schritt in Richtung &#8220;Soolong&#8221; getan.<\/p>\n\n                    <\/div>\n    <\/div>\n<\/div>\n\n<div class=\"switch__item d-lg-flex flex-row\">\n    <div class=\"switch__image\" style=\"background-image: url(https:\/\/soolong.com\/wp-content\/uploads\/2021\/11\/32D3D60D-3153-49D0-AD4D-C122E53DB2C0-kopieren-e1633950895434.jpeg)\">\n\n    <\/div>\n    <div class=\"switch__content\">\n        <div class=\"switch__content--inner\">\n            <h3>Weil es so viel mehr zu sehen, zu schmecken und zu genie\u00dfen gibt!<\/h3>\n            <p>Soolong&#8221; bedeutet nicht nur &#8220;Abschied&#8221;, Oolong ist auch eine k\u00f6stliche Teesorte, die vielen Menschen noch nicht bekannt ist. F\u00fcr uns steht es daher f\u00fcr &#8220;etwas Neues entdecken&#8221;. Dies und unsere Lebensaufgabe, &#8220;der Welt positive Energie zur\u00fcckzugeben&#8221;, spiegelt sich in unseren vier Produktlinien wider:<\/p>\n<p><a href=\"https:\/\/soolong.com\/de\/so-viel-mehr-zu-verstehen\/\"><br \/>\n  <strong>Sense<\/strong><br \/>\n<\/a>. Lebe bewusst, f\u00fcr dich selbst und f\u00fcr die Menschen um dich herum, denn es gibt &#8220;so viel mehr zu sp\u00fcren&#8221;.<\/p>\n<p><a href=\"https:\/\/soolong.com\/de\/so-viel-mehr-zu-sehen\/\"><br \/>\n  <strong>Siehe<\/strong><br \/>\n<\/a>. Offen sein, um Neues zu entdecken, denn es gibt &#8220;so viel mehr zu sehen&#8221;.<\/p>\n<p><a href=\"https:\/\/soolong.com\/de\/so-viel-mehr-zu-schmecken\/\"><br \/>\n  <strong>Geschmack<\/strong><br \/>\n<\/a>. Verbinde D\u00fcfte und Geschm\u00e4cker, denn es gibt &#8220;so viel mehr zu schmecken&#8221;.<\/p>\n<p><a href=\"https:\/\/soolong.com\/de\/so-viel-mehr-zu-geniessen\/\"><br \/>\n  <strong>Genie\u00dfe<\/strong><br \/>\n<\/a>. Genie\u00dfe das Leben, denn es gibt &#8220;so viel mehr zu genie\u00dfen&#8221;.<\/p>\n<p>Zus\u00e4tzlich zu unseren vier Produktlinien wollen wir der Welt auch etwas zur\u00fcckgeben mit <a href=\"https:\/\/soolong.com\/de\/hilfe-1zu1\/\"><br \/>\n  <strong>Stiftung Beihilfe 1 zu 1<\/strong><br \/>\n<\/a>. Eine Stiftung, der wir einen Teil unseres Umsatzes spenden, um gute Zwecke im Herkunftsland zu unterst\u00fctzen. Sobald du unseren Tee trinkst, tr\u00e4gst du automatisch zu der gemeinsamen Mission bei, der Welt etwas zur\u00fcckzugeben.<\/p>\n<p>Nur gemeinsam k\u00f6nnen wir etwas bewirken! Also genie\u00dfe es.<\/p>\n<p>Soolong,<\/p>\n<p>Emiel &amp; Nicoline<\/p>\n<p>(Gr\u00fcnder)<\/p>\n\n                    <\/div>\n    <\/div>\n<\/div>\n\n\n\n<\/section>\n\n","protected":false},"excerpt":{"rendered":"","protected":false},"author":1,"featured_media":8798,"parent":0,"menu_order":0,"comment_status":"closed","ping_status":"closed","template":"views\/template-content.blade.php","meta":{"_acf_changed":false,"footnotes":""},"class_list":["post-41986","page","type-page","status-publish","has-post-thumbnail","hentry"],"acf":{"samenvatting":null},"_links":{"self":[{"href":"https:\/\/soolong.com\/de\/wp-json\/wp\/v2\/pages\/41986","targetHints":{"allow":["GET"]}}],"collection":[{"href":"https:\/\/soolong.com\/de\/wp-json\/wp\/v2\/pages"}],"about":[{"href":"https:\/\/soolong.com\/de\/wp-json\/wp\/v2\/types\/page"}],"author":[{"embeddable":true,"href":"https:\/\/soolong.com\/de\/wp-json\/wp\/v2\/users\/1"}],"replies":[{"embeddable":true,"href":"https:\/\/soolong.com\/de\/wp-json\/wp\/v2\/comments?post=41986"}],"version-history":[{"count":2,"href":"https:\/\/soolong.com\/de\/wp-json\/wp\/v2\/pages\/41986\/revisions"}],"predecessor-version":[{"id":78388,"href":"https:\/\/soolong.com\/de\/wp-json\/wp\/v2\/pages\/41986\/revisions\/78388"}],"wp:featuredmedia":[{"embeddable":true,"href":"https:\/\/soolong.com\/de\/wp-json\/wp\/v2\/media\/8798"}],"wp:attachment":[{"href":"https:\/\/soolong.com\/de\/wp-json\/wp\/v2\/media?parent=41986"}],"curies":[{"name":"wp","href":"https:\/\/api.w.org\/{rel}","templated":true}]}}