{"id":41935,"date":"2021-12-07T15:29:49","date_gmt":"2021-12-07T14:29:49","guid":{"rendered":"https:\/\/soolong.com\/hilfe-1zu1\/"},"modified":"2022-10-26T08:36:55","modified_gmt":"2022-10-26T06:36:55","slug":"hilfe-1zu1","status":"publish","type":"page","link":"https:\/\/soolong.com\/de\/hilfe-1zu1\/","title":{"rendered":"Hilfe 1zu1"},"content":{"rendered":"<section class=\"switch pt-0\">\n<div class=\"switch__top text-center container-small py-5\">\n<h2>Jeder verdient ein w\u00fcrdiges Leben<\/h2><p><strong>Im Jahr 2018 lebten sch\u00e4tzungsweise 3,4 Milliarden Menschen (etwa die H\u00e4lfte der Weltbev\u00f6lkerung) in extremer Armut (Quelle: <a href=\"https:\/\/www.rtlz.nl\/algemeen\/buitenland\/artikel\/4453931\/armoede-wereldbevolking-wereldbank-armoedegrens\">RTLZ \/ Weltbank<\/a>). Das ist einer von zwei Menschen. In der aktuellen \u00c4ra der COVID nimmt dies noch zu. Wir glauben, dass jeder Mensch auf der Welt das Recht auf ein menschenw\u00fcrdiges Leben hat und m\u00f6chten dazu beitragen.<\/strong><\/p>\n<\/div>\n\n\n<div class=\"switch__item d-lg-flex flex-row-reverse\">\n    <div class=\"switch__image\" style=\"background-image: url(https:\/\/soolong.com\/wp-content\/uploads\/2021\/11\/B3470920-7AF4-433C-ADBC-6291A221B201-2-e1633951368426.jpeg)\">\n\n    <\/div>\n    <div class=\"switch__content\">\n        <div class=\"switch__content--inner\">\n            <h3>Was wir tun<\/h3>\n            <p>Die Aid1to1 Foundation unterst\u00fctzt Wohlt\u00e4tigkeitsorganisationen, die zu einem menschenw\u00fcrdigen Leben in dem Land beitragen, in dem Soolong seine Produkte kauft. Durch die Spenden von Soolong ist Aid1to1 in der Lage, Kontinuit\u00e4t zu gew\u00e4hrleisten.<\/p>\n<p>Kleinere Projekte mit Schwerpunkt auf:<\/p>\n<ol>\n<li>Pflege<\/li>\n<li>Ausbildung<\/li>\n<li>Unterschlupf<\/li>\n<li>Lebensmittelversorgung<\/li>\n<\/ol>\n\n                    <\/div>\n    <\/div>\n<\/div>\n\n<div class=\"switch__item d-lg-flex flex-row\">\n    <div class=\"switch__image\" style=\"background-image: url(https:\/\/soolong.com\/wp-content\/uploads\/2021\/11\/B3470920-7AF4-433C-ADBC-6291A221B201-2-e1633951368426.jpeg)\">\n\n    <\/div>\n    <div class=\"switch__content\">\n        <div class=\"switch__content--inner\">\n            <h3>Wie wir arbeiten<\/h3>\n            <p>Wir finden es wichtig, dass alle Spenden direkt ihr Ziel erreichen und nicht in der Welt der B\u00fcrokratie verloren gehen. Wir erreichen dies auf der Grundlage von vier Prinzipien:<\/p>\n<p><strong>1. Konkrete, kleine Projekte<\/strong><\/p>\n<p>Konkret bedeutet: greifbare Projekte. Erw\u00e4ge, einem \u00f6rtlichen Krankenhaus einen gyn\u00e4kologischen Behandlungsstuhl, einen Autoklaven und saubere Nadeln zur Verf\u00fcgung zu stellen. Aber auch ein Stipendium f\u00fcr Kinder, damit sie zur Schule gehen k\u00f6nnen, oder eine Unterkunft f\u00fcr Menschen, die in einer Kriegssituation alles verloren haben. Indem du kleine konkrete Projekte in Angriff nimmst, ist es \u00fcberschaubar.<\/p>\n<p><strong>2. Freiwillige<\/strong><\/p>\n<p>CEOs gro\u00dfer Nichtregierungsorganisationen (NGOs), die extrem hohe Geh\u00e4lter beziehen &#8230; das passt nicht zur Idee unserer Stiftung. Schlie\u00dflich ist es nicht f\u00fcr das, was herumgeht. Was die Aid 1 to 1 Foundation so einzigartig macht, ist, dass <strong>jeder<\/strong> in unserer Stiftung auf freiwilliger Basis arbeitet. Anderen zu helfen, sollte aus deinem Herzen kommen.<\/p>\n<p><strong>3. Zusammenarbeit<\/strong><\/p>\n<p>Keine B\u00fcrokratie, effizientes Arbeiten und auch das Erreichen unserer Ziele ist nur m\u00f6glich, wenn wir zusammenarbeiten und nicht das Rad neu erfinden. Gemeinsam erreichen wir mehr. Aus diesem Grund arbeiten wir so viel wie m\u00f6glich mit anderen Stiftungen\/NGOs zusammen.<\/p>\n<p><strong>4. Transparenz<\/strong><\/p>\n<p>Unser Ansatz ist v\u00f6llig transparent. Das hei\u00dft, wir f\u00fchren den Spender durch den Prozess von der Spende bis zum L\u00e4cheln der Bed\u00fcrftigen. So kann der Spender genau verfolgen, was mit seiner Spende passiert und wof\u00fcr sie ausgegeben wird.<\/p>\n<p>Hilfe vom Spender zum Empf\u00e4nger &#8211; Hilfe von Mensch zu Mensch!<\/p>\n\n                    <\/div>\n    <\/div>\n<\/div>\n\n\n\n<\/section>\n\n","protected":false},"excerpt":{"rendered":"","protected":false},"author":1,"featured_media":0,"parent":0,"menu_order":0,"comment_status":"closed","ping_status":"closed","template":"views\/template-content.blade.php","meta":{"_acf_changed":false,"footnotes":""},"class_list":["post-41935","page","type-page","status-publish","hentry"],"acf":{"samenvatting":null},"_links":{"self":[{"href":"https:\/\/soolong.com\/de\/wp-json\/wp\/v2\/pages\/41935","targetHints":{"allow":["GET"]}}],"collection":[{"href":"https:\/\/soolong.com\/de\/wp-json\/wp\/v2\/pages"}],"about":[{"href":"https:\/\/soolong.com\/de\/wp-json\/wp\/v2\/types\/page"}],"author":[{"embeddable":true,"href":"https:\/\/soolong.com\/de\/wp-json\/wp\/v2\/users\/1"}],"replies":[{"embeddable":true,"href":"https:\/\/soolong.com\/de\/wp-json\/wp\/v2\/comments?post=41935"}],"version-history":[{"count":1,"href":"https:\/\/soolong.com\/de\/wp-json\/wp\/v2\/pages\/41935\/revisions"}],"predecessor-version":[{"id":41946,"href":"https:\/\/soolong.com\/de\/wp-json\/wp\/v2\/pages\/41935\/revisions\/41946"}],"wp:attachment":[{"href":"https:\/\/soolong.com\/de\/wp-json\/wp\/v2\/media?parent=41935"}],"curies":[{"name":"wp","href":"https:\/\/api.w.org\/{rel}","templated":true}]}}