{"id":41928,"date":"2021-11-29T13:57:09","date_gmt":"2021-11-29T12:57:09","guid":{"rendered":"https:\/\/soolong.com\/erklaerung-zum-datenschutz\/"},"modified":"2022-10-26T08:36:56","modified_gmt":"2022-10-26T06:36:56","slug":"erklaerung-zum-datenschutz","status":"publish","type":"page","link":"https:\/\/soolong.com\/de\/erklaerung-zum-datenschutz\/","title":{"rendered":"Erkl\u00e4rung zum Datenschutz"},"content":{"rendered":"\n<p><style>\n    a.cky-banner-element {<br\/>\n        padding: 8px 30px;<br\/>\n        background: #F8F9FA;<br\/>\n        color: #858A8F;<br\/>\n        border: 1px solid #DEE2E6;<br\/>\n        box-sizing: border-box;<br\/>\n        border-radius: 2px;<br\/>\n        cursor: pointer;<br\/>\n}<br\/>\n<\/style><\/p>\n\n<h2 class=\"cookie-policy-h1 wp-block-heading\">Datenschutz-Erkl\u00e4rung<\/h2>\n\n<p>Datum des Inkrafttretens: 01-Dez-2021<br\/>Zuletzt aktualisiert: 11-Jan-2022<\/p>\n\n<p>Soolong sorgt sich um deine Privatsph\u00e4re. Wir verarbeiten daher nur Daten, die wir zur (Optimierung) unserer Dienstleistungen ben\u00f6tigen und gehen mit den Informationen, die wir \u00fcber dich und deine Nutzung unserer Produkte\/Dienstleistungen gesammelt haben, sorgf\u00e4ltig um. Unsere Datenschutzrichtlinie gilt f\u00fcr die Nutzung unseres Webshops <a href=\"http:\/\/www.soolong.com\">www.soolong.com<\/a> und die Dienste von Soolong, auf die du \u00fcber ihn zugreifen kannst. Soolong ist ein Handelsname von Previtality B.V. Wo Soolong steht, ist auch Previtality B.V. zu lesen und umgekehrt.<\/p>\n\n<p>Das G\u00fcltigkeitsdatum dieser Bedingungen ist der 01.12.2021, mit der Ver\u00f6ffentlichung einer neuen Version erlischt die G\u00fcltigkeit aller vorherigen Versionen.<\/p>\n\n<h2 class=\"has-medium-font-size wp-block-heading\"><strong>Datenverarbeitung<\/strong><\/h2>\n\n<p>Jeder, der einen Webshop nutzt, hinterl\u00e4sst \u00fcber seinen Browser Daten in dem Webshop. Dar\u00fcber hinaus hinterl\u00e4sst der Shop eine Reihe von Cookies auf deinem Ger\u00e4t. Sobald wir deine (personenbezogenen) Daten speichern, sind wir &#8220;Verarbeiter&#8221; deiner Daten. Das bedeutet, dass Soolong f\u00fcr den sorgf\u00e4ltigen Umgang mit deinen (pers\u00f6nlichen) Daten verantwortlich ist. Im Folgenden kannst du nachlesen, welche (personenbezogenen) Daten Soolong erheben kann, welche Cookies verwendet werden, wof\u00fcr und mit wem diese Daten genutzt werden und unter welchen Bedingungen diese Daten gegebenenfalls weitergegeben werden k\u00f6nnen. Wir erkl\u00e4ren auch, wie wir deine Daten speichern, wie wir deine Daten vor Missbrauch sch\u00fctzen und welche Rechte du in Bezug auf die personenbezogenen Daten hast, die du uns zur Verf\u00fcgung gestellt hast.<\/p>\n\n<h3 class=\"wp-block-heading\"><strong>1. Pers\u00f6nliche Daten  <\/strong><\/h3>\n\n<p>Soolong verarbeitet deine personenbezogenen Daten, weil du unsere Produkte und\/oder Dienstleistungen in Anspruch nimmst und\/oder weil du uns diese Daten selbst zur Verf\u00fcgung stellst. Im Folgenden findest du einen \u00dcberblick \u00fcber die personenbezogenen Daten, die wir verarbeiten:<\/p>\n\n<ul class=\"wp-block-list\"><li>Name und Adressdaten<\/li><li>Telefon Nummer<\/li><li>Rechnungs-\/Lieferadresse<\/li><li>E-Mail Adresse<\/li><li>Geschlecht<\/li><\/ul>\n\n<h3 class=\"wp-block-heading\"><strong>2. Zweck<\/strong><\/h3>\n\n<p>Soolong verarbeitet deine (personenbezogenen) Daten f\u00fcr die folgenden Zwecke:<\/p>\n\n<ul class=\"wp-block-list\"><li>Um dich anrufen oder dir eine E-Mail schicken zu k\u00f6nnen, wenn dies f\u00fcr die Erbringung unserer Dienstleistungen erforderlich ist;<\/li><li>In der Lage sein, den Einkauf von Produkten zu verwalten und durchzuf\u00fchren<\/li><li>Damit diese Website besser und schneller funktioniert und um sie an deine Vorlieben anzupassen.<\/li><\/ul>\n\n<p>Soolong tut dies durch die Verwendung von Cookies und \u00e4hnlichen Technologien, bei denen eine kleine Textdatei an deinen Computer, dein Tablet und\/oder dein Handy gesendet und dort gespeichert wird, wenn du unsere Website besuchst. Die darin gespeicherten Informationen k\u00f6nnen bei deinem n\u00e4chsten Besuch an unsere eigenen sicheren Server oder an die der betreffenden Dritten zur\u00fcckgesendet werden. Du kannst die Verwendung von &#8220;Cookies&#8221; in den Einstellungen deines Browsers deaktivieren. Dies kann jedoch dazu f\u00fchren, dass unser Webshop nicht mehr optimal funktioniert.<\/p>\n\n<h3 class=\"wp-block-heading\"><strong>3. Automatisierte Entscheidungsfindung<\/strong><\/h3>\n\n<p>Soolong trifft keine Entscheidungen \u00fcber Angelegenheiten, die Einzelpersonen (erheblich) beeintr\u00e4chtigen k\u00f6nnen, auf der Grundlage einer automatisierten Verarbeitung. Das sind Entscheidungen, die von Computerprogrammen oder -systemen getroffen werden, ohne dass ein Mensch (z. B. ein Mitarbeiter von Soolong) daran beteiligt ist.  <\/p>\n\n<h3 class=\"wp-block-heading\"><strong>4. Wie lange pers\u00f6nliche Daten aufbewahrt werden<\/strong><\/h3>\n\n<p>Soolong wird deine (pers\u00f6nlichen) Daten nicht l\u00e4nger als n\u00f6tig aufbewahren. Unser Ziel ist es, personenbezogene Daten zu vernichten, sobald wir sie nicht mehr ben\u00f6tigen, um unsere Ziele zu erreichen.<\/p>\n\n<h3 class=\"wp-block-heading\"><strong>5. Weitergabe von personenbezogenen Daten an Dritte<\/strong><\/h3>\n\n<p>Soolong wird deine pers\u00f6nlichen Daten vertraulich behandeln. Wir werden deine Daten niemals an andere Parteien verkaufen. Soolong wird in Ausnahmef\u00e4llen personenbezogene Daten an andere Parteien weitergeben, wenn diese von uns mit der Erbringung von Dienstleistungen in unserem Namen beauftragt werden oder wenn wir gesetzlich dazu verpflichtet sind. In einigen F\u00e4llen nutzen wir z.B. IT-Dienstleister, Medienagenturen, Zahlungspartner, Versandpartner, die manchmal Zugang zu dem System erhalten, auf dem deine personenbezogenen Daten verarbeitet werden. In diesem Fall handeln diese Dritten als Auftragsverarbeiter f\u00fcr Soolong. In jedem Fall stellen wir sicher, dass diese Parteien angemessene Sicherheitsvorkehrungen zum Schutz und zur Sicherheit deiner personenbezogenen Daten einhalten.<\/p>\n\n<h3 class=\"wp-block-heading\"><strong>6. Cookies<\/strong><\/h3>\n\n<p>Damit dieser Webshop besser und schneller funktioniert und auf deine Vorlieben zugeschnitten werden kann, werden bestimmte Informationen \u00fcber deine Nutzung gesammelt. Wir tun dies durch die Verwendung von Cookies und \u00e4hnlichen Technologien in unserem Webshop. Ein Cookie ist eine Datei, die auf deinem Computer, Tablet oder Smartphone gespeichert wird. Wir verwenden die folgenden Cookies in unserem Webshop:<\/p>\n\n<h3 class=\"wp-block-heading\">7. Arten von Cookies, die wir verwenden<\/h3>\n\n<div class=\"cky-audit-table-element\"> <\/div>\n\n<h3 class=\"wp-block-heading\"><strong>8. Anzeigen, \u00c4ndern oder L\u00f6schen von Daten<\/strong><\/h3>\n\n<p>Viele Cookies haben ein Verfallsdatum. Wenn ein Verfallsdatum festgelegt ist, wird das Cookie automatisch gel\u00f6scht, wenn das Verfallsdatum abl\u00e4uft. Du kannst die Cookies auch manuell l\u00f6schen, bevor sie ablaufen. Du kannst dich von Cookies abmelden, indem du deinen Internetbrowser so konfigurierst, dass er keine Cookies mehr speichert. Au\u00dferdem kannst du alle zuvor gespeicherten Informationen \u00fcber deine Browsereinstellungen l\u00f6schen.<\/p>\n\n<p>Chrom: <a href=\"https:\/\/support.google.com\/accounts\/answer\/32050\" target=\"_blank\" rel=\"noopener\">https:\/\/support.google.com\/accounts\/answer\/32050<\/a><\/p>\n\n<p>Safari: <a href=\"https:\/\/support.apple.com\/en-in\/guide\/safari\/sfri11471\/mac\" target=\"_blank\" rel=\"noopener\">https:\/\/support.apple.com\/en-in\/guide\/safari\/sfri11471\/mac<\/a><\/p>\n\n<p>Firefox: <a href=\"https:\/\/support.mozilla.org\/en-US\/kb\/clear-cookies-and-site-data-firefox?redirectslug=delete-cookies-remove-info-websites-stored&amp;redirectlocale=en-US\" target=\"_blank\" rel=\"noopener\">https:\/\/support.mozilla.org\/en-US\/kb\/clear-cookies-and-site-data-firefox?redirectslug=delete-cookies-remove-info-websites-stored&amp;redirectlocale=en-US<\/a><\/p>\n\n<p>Internet Explorer: <a href=\"https:\/\/support.microsoft.com\/en-us\/topic\/how-to-delete-cookie-files-in-internet-explorer-bca9446f-d873-78de-77ba-d42645fa52fc\" target=\"_blank\" rel=\"noopener\">https:\/\/support.microsoft.com\/en-us\/topic\/how-to-delete-cookie-files-in-internet-explorer-bca9446f-d873-78de-77ba-d42645fa52fc<\/a><\/p>\n\n<p>F\u00fcr andere Browser konsultiere bitte das Handbuch deines Browsers.<\/p>\n\n<h4 class=\"wp-block-heading\">Im Webshop<\/h4>\n\n<p>In unserem Webshop kannst du deine eigenen Daten in deinem Konto verwalten. Du kannst die Informationen unten ansehen, \u00e4ndern und\/oder erg\u00e4nzen:<\/p>\n\n<ul class=\"wp-block-list\"><li>Namens- und Adressdaten anzeigen, \u00e4ndern oder erg\u00e4nzen<\/li><li>Versand-\/Rechnungsadresse \u00e4ndern, l\u00f6schen oder hinzuf\u00fcgen;<\/li><li>E-Mail Adresse \u00e4ndern;<\/li><li>Online-Newsletter, abonnieren oder abbestellen;<\/li><li>Favoriten anzeigen, l\u00f6schen oder hinzuf\u00fcgen;<\/li><li>Ansicht Eink\u00e4ufe Webshop;<\/li><li>Passwort \u00e4ndern.<\/li><\/ul>\n\n<h4 class=\"wp-block-heading\">Rechte<\/h4>\n\n<ul class=\"wp-block-list\"><li>Du hast das Recht, den Zugang zu deinen personenbezogenen Daten, deren Berichtigung oder L\u00f6schung zu verlangen.<\/li><li>Du hast das Recht, Einspruch zu erheben. Das bedeutet, dass du der Verwendung deiner (pers\u00f6nlichen) Daten durch Soolong widersprechen kannst.<\/li><li>Du kannst einen Antrag auf Auskunft, Berichtigung, L\u00f6schung, Daten\u00e4nderung oder einen Antrag auf Widerruf deiner Zustimmung oder Widerspruch gegen die Verarbeitung deiner personenbezogenen Daten an info@soolong.nl senden.<br\/>Um sicherzustellen, dass der Antrag auf Einsichtnahme von dir gestellt wird, f\u00fcge dem Antrag bitte eine Kopie deines Identit\u00e4tsnachweises bei. Achte darauf, dass auf dieser Kopie dein Passfoto, die MRZ (maschinenlesbare Zone), die Passnummer und die B\u00fcrgerservicenummer (BSN) schwarz sind. Dies dient dem Schutz deiner Privatsph\u00e4re. Wir werden deine Anfrage so schnell wie m\u00f6glich beantworten, sp\u00e4testens aber innerhalb von vier Wochen.<\/li><li>Du hast das Recht auf die sogenannte Daten\u00fcbertragbarkeit. Das bedeutet, dass du uns auffordern kannst, die pers\u00f6nlichen Daten, die wir \u00fcber dich in einer Computerdatei haben, an dich oder eine andere von dir benannte Organisation zu senden. Soolong ist nicht daf\u00fcr verantwortlich, wie die andere Organisation diese Daten verarbeitet.<\/li><li>Du hast jederzeit die M\u00f6glichkeit, eine Beschwerde \u00fcber die Verwendung personenbezogener Daten durch Soolong einzureichen oder wenn du mit unserer Entscheidung \u00fcber einen Antrag auf Zugang, Berichtigung, L\u00f6schung oder Widerspruch nicht einverstanden bist. Zuerst mit uns, damit wir daraus lernen k\u00f6nnen, aber wenn du mit unserer Antwort nicht zufrieden bist, dann mit der nationalen Aufsichtsbeh\u00f6rde, der Autoriteit Persoonsgegevens. Dies kann \u00fcber den folgenden Link geschehen: <a href=\"https:\/\/autoriteitpersoonsgegevens.nl\/nl\/contact-met-de-autoriteit-persoonsgegevens\/tip-ons\">https:\/\/autoriteitpersoonsgegevens.nl\/nl\/contact-met-de-autoriteit-persoonsgegevens\/tip-ons<\/a><\/li><\/ul>\n\n<h3 class=\"wp-block-heading\"><strong>9. Wie wir pers\u00f6nliche Daten sch\u00fctzen<\/strong><\/h3>\n\n<p>Soolong nimmt den Schutz deiner Daten ernst und ergreift geeignete Ma\u00dfnahmen, um Missbrauch, Verlust, unbefugten Zugriff, unerw\u00fcnschte Offenlegung und unbefugte \u00c4nderungen zu verhindern. Wenn du das Gef\u00fchl hast, dass deine Daten nicht richtig gesichert sind oder es Anzeichen f\u00fcr einen Missbrauch gibt, wende dich bitte an unseren Kundenservice unter info@soolong.nl.<\/p>\n\n<p>Wir behalten uns das Recht vor, \u00c4nderungen an unserer Datenschutzerkl\u00e4rung vorzunehmen. Bitte \u00fcberpr\u00fcfe unsere Datenschutzerkl\u00e4rung regelm\u00e4\u00dfig auf m\u00f6gliche \u00c4nderungen unserer Richtlinie.<\/p>\n\n<h3 class=\"wp-block-heading\"><strong>10. <\/strong><strong style=\"color: initial; font-family: -apple-system, BlinkMacSystemFont, 'Segoe UI', Roboto, Oxygen-Sans, Ubuntu, Cantarell, 'Helvetica Neue', sans-serif;\">Kontaktinformationen<\/strong><\/h3>\n\n<p>Der Webshop und die pers\u00f6nlichen Daten, die du hier hinterl\u00e4sst, werden von Soolong verwaltet. Bei Fragen und Anmerkungen zu unserer Datenschutzerkl\u00e4rung kontaktiere uns bitte unter info@soolong.nl.<\/p>\n","protected":false},"excerpt":{"rendered":"<p>Datenschutz-Erkl\u00e4rung Datum des Inkrafttretens: 01-Dez-2021Zuletzt aktualisiert: 11-Jan-2022 Soolong sorgt sich um deine Privatsph\u00e4re. Wir verarbeiten daher nur Daten, die wir zur (Optimierung) unserer Dienstleistungen ben\u00f6tigen und gehen mit den Informationen, die wir \u00fcber dich und deine Nutzung unserer Produkte\/Dienstleistungen gesammelt haben, sorgf\u00e4ltig um. Unsere Datenschutzrichtlinie gilt f\u00fcr die Nutzung unseres Webshops www.soolong.com und die Dienste&#8230;<\/p>\n","protected":false},"author":1,"featured_media":0,"parent":0,"menu_order":0,"comment_status":"closed","ping_status":"closed","template":"","meta":{"_acf_changed":false,"footnotes":""},"class_list":["post-41928","page","type-page","status-publish","hentry"],"acf":{"samenvatting":null},"_links":{"self":[{"href":"https:\/\/soolong.com\/de\/wp-json\/wp\/v2\/pages\/41928","targetHints":{"allow":["GET"]}}],"collection":[{"href":"https:\/\/soolong.com\/de\/wp-json\/wp\/v2\/pages"}],"about":[{"href":"https:\/\/soolong.com\/de\/wp-json\/wp\/v2\/types\/page"}],"author":[{"embeddable":true,"href":"https:\/\/soolong.com\/de\/wp-json\/wp\/v2\/users\/1"}],"replies":[{"embeddable":true,"href":"https:\/\/soolong.com\/de\/wp-json\/wp\/v2\/comments?post=41928"}],"version-history":[{"count":1,"href":"https:\/\/soolong.com\/de\/wp-json\/wp\/v2\/pages\/41928\/revisions"}],"predecessor-version":[{"id":41948,"href":"https:\/\/soolong.com\/de\/wp-json\/wp\/v2\/pages\/41928\/revisions\/41948"}],"wp:attachment":[{"href":"https:\/\/soolong.com\/de\/wp-json\/wp\/v2\/media?parent=41928"}],"curies":[{"name":"wp","href":"https:\/\/api.w.org\/{rel}","templated":true}]}}